{"id":13787,"date":"2022-04-18T08:13:08","date_gmt":"2022-04-18T08:13:08","guid":{"rendered":"https:\/\/jetrik.com\/terms-of-use\/"},"modified":"2022-04-18T13:38:04","modified_gmt":"2022-04-18T13:38:04","slug":"terms-of-use","status":"publish","type":"page","link":"https:\/\/jetrik.com\/tr\/terms-of-use\/","title":{"rendered":"Kullan\u0131m Ko\u015fullar\u0131"},"content":{"rendered":"<p><strong>Kullan\u0131m \u015eartlar\u0131<\/strong><\/p>\n<p><strong>L\u00fctfen Jetrik lisanlar\u0131n\u0131, \u00fcr\u00fcnlerini, hizmetlerini, servislerini, mobil uygulamalar\u0131n\u0131 ve web sitesini kullanmadan \u00f6nce mutlaka Jetrik Kullan\u0131m \u015eartlar\u0131 ve Gizlilik Politikas\u0131n\u0131 dikkatlice okuyun. Herhangi bir lisans\u0131m\u0131z\u0131, \u00fcr\u00fcn\u00fcm\u00fcz\u00fc, hizmetimizi, servisimizi, mobil uygulamam\u0131z\u0131 ve web sitemizi kullanmaya ba\u015flad\u0131\u011f\u0131n\u0131zda her iki dok\u00fcmanda da bulunan t\u00fcm \u015fartlar\u0131 ve politikalar\u0131 kabul etmi\u015f olursunuz. T\u00fcm \u015fartlar\u0131 ve politikalar\u0131 kabul etmiyorsan\u0131z Jetrik lisanslar\u0131n\u0131, \u00fcr\u00fcnlerini, hizmetlerini, servislerini, mobil uygulamalar\u0131n\u0131 ve web sitesini kullanmamal\u0131s\u0131n\u0131z.<\/strong><\/p>\n<ol>\n<li><strong> KAPSAM<\/strong><\/li>\n<\/ol>\n<p>Bu s\u00f6zle\u015fme JETRIK YAZILIM A.\u015e\u2019 nin (Jetrik olarak da an\u0131lacakt\u0131r.) lisanslad\u0131\u011f\u0131, \u00fcretti\u011fi, \u00fcrettirdi\u011fi, sat\u0131\u015f\u0131n\u0131, kiralamas\u0131n\u0131 yapt\u0131\u011f\u0131, \u00fccretsiz olarak da\u011f\u0131tt\u0131\u011f\u0131 t\u00fcm yaz\u0131l\u0131mlar\u0131, mobil uygulamalar\u0131, web sitesi hizmetlerini, internet servislerini, sunucu hizmetlerini, \u00f6deme alma alt yap\u0131lar\u0131n\u0131, \u00fc\u00e7\u00fcnc\u00fc parti entegrasyon yaz\u0131l\u0131mlar\u0131n\u0131, donan\u0131m \u00fcr\u00fcnlerini ve hizmetlerini kapsar. Bu \u00fcr\u00fcnlerden herhangi birini kulland\u0131\u011f\u0131n\u0131zda Jetrik Kullan\u0131m \u015eartlar\u0131n\u0131 ve Gizlilik Politikas\u0131n\u0131 kabul etmi\u015f olursunuz.<\/p>\n<ol start=\"2\">\n<li><strong> TARAFLAR<\/strong><\/li>\n<\/ol>\n<p><strong>2.1. Jetrik:<\/strong>\u00a0Jetrik \u00fcr\u00fcnlerini lisanslayan, hizmetlerini, servislerini, mobil uygulamalar\u0131n\u0131, web sitesini ve entegrasyonlar\u0131n\u0131 y\u00f6neten Jetrik Yaz\u0131l\u0131m A.\u015e yi temsil eder.<\/p>\n<p><strong>2.2. Sat\u0131c\u0131:<\/strong>\u00a0Jetrik lisanslar\u0131n\u0131n, \u00fcr\u00fcnlerinin, hizmetlerinin, servislerinin, mobil uygulamalar\u0131n\u0131n ve web sitesinin kullan\u0131m\u0131na arac\u0131l\u0131k eden, Jetrik Yaz\u0131l\u0131m A.\u015e den tamam\u0131yla ba\u011f\u0131ms\u0131z \u00e7al\u0131\u015fan, destek ve kurulum hizmetleri veren \u015firket ve ki\u015fileri temsil eder.<\/p>\n<p><strong>2.3. \u00dc\u00e7\u00fcnc\u00fc Partiler:<\/strong>\u00a0Jetrik\u2019un entegrasyon yapt\u0131\u011f\u0131, Jetrik\u2019un baz\u0131 \u00fcr\u00fcnleriyle entegre \u00e7al\u0131\u015fan tamam\u0131yla Jetrik\u2019tan ba\u011f\u0131ms\u0131z \u00e7al\u0131\u015fan \u015firket ve ki\u015filerin \u00fcretti\u011fi yaz\u0131l\u0131m, uygulama, cihaz, servis ve hizmetleri temsil eder.<\/p>\n<p><strong>2.4. Kullan\u0131c\u0131(\u00dcye):<\/strong>\u00a0Jetrik\u2019un lisansl\u0131 \u00fcr\u00fcnlerini, hizmetlerini, servislerini, mobil uygulamalar\u0131n\u0131 veya web sitesini kullanan \u015firket ve ki\u015fileri temsil eder.<\/p>\n<ol start=\"3\">\n<li><strong> KULLANIM HAKLARI, TEL\u0130F VE MARKA<\/strong><\/li>\n<\/ol>\n<p><strong>3.1.<\/strong>\u00a0Jetrik \u00fcr\u00fcnlerinde, servislerinde, mobil uygulamalar\u0131nda kullan\u0131lan logo, i\u00e7erik, data ve kodlar tamam\u0131yla Jetrik\u2019a aittir. Jetrik markas\u0131 Jetrik\u2019un tescilli markas\u0131d\u0131r. Jetrik \u00fcr\u00fcnlerinin markas\u0131, logosu veya kodlar\u0131 Jetrik\u2019un yaz\u0131l\u0131 izni olmadan de\u011fi\u015ftirilemez, farkl\u0131 marka ve \u00fcr\u00fcn ad\u0131 alt\u0131nda sat\u0131lamaz, kiralanamaz, kulland\u0131rt\u0131lamaz.<\/p>\n<p><strong>3.2.<\/strong>\u00a0Jetrik \u00fcr\u00fcnlerine ba\u011fl\u0131 veya entegre \u00e7al\u0131\u015fan yaz\u0131l\u0131mlar\u0131 ve ek yaz\u0131l\u0131mlar\u0131 sadece Jetrik \u00fcretir veya yaz\u0131l\u0131 olarak izin verdi\u011fi ki\u015filere \u00fcrettirir. Jetrik\u2019un sat\u0131\u015f\u0131na izin verdi\u011fi ve sorumlulu\u011funu kabul etti\u011fi \u00fcr\u00fcnler, servisler ve mobil uygulamalar sadece Jetrik\u2019a ait web sitesi ve portallarda duyurulur. Eri\u015fim izni ve \u00fcyeli\u011fi bulunan kullan\u0131c\u0131lar ve sat\u0131c\u0131lar bu \u00fcr\u00fcnlere ula\u015fabilir. Jetrik\u2019a ait olmayan fakat \u00fc\u00e7\u00fcnc\u00fc partiler taraf\u0131ndan \u00fcretilmi\u015f ve Jetrik\u2019un herhangi bir \u00fcr\u00fcn\u00fc ile entegre \u00e7al\u0131\u015ft\u0131\u011f\u0131 iddia edilen hi\u00e7bir \u00fcr\u00fcn Jetrik\u2019un sorumlulu\u011fu alt\u0131nda de\u011fildir. Kullan\u0131c\u0131 ve sat\u0131c\u0131 bu gibi \u00fcr\u00fcnlerin kullan\u0131mdan do\u011facak sorunlar nedeniyle olu\u015facak maddi ve manevi zarardan Jetrik\u2019u sorumlu tutamaz. Bu \u00fcr\u00fcnlerin kullan\u0131m\u0131 nedeniyle Jetrik \u00fcr\u00fcnleri zarar g\u00f6r\u00fcr ve beklenen fayday\u0131 sa\u011flayamayacak hale gelirse sorumluluk, maddi ve manevi zarar sadece kullan\u0131c\u0131ya veya sat\u0131c\u0131ya aittir.<\/p>\n<p><strong>3.3.<\/strong>\u00a0Kullan\u0131c\u0131 ve sat\u0131c\u0131 Jetrik \u00fcr\u00fcnlerini \u201coldu\u011fu\u201d gibi kabul eder. Jetrik \u00fcr\u00fcnlerinin %100 kusursuz oldu\u011funu taahh\u00fct etmez. Jetrik \u00fcr\u00fcnlerinin, servislerinin, hizmetlerinin ve mobil uygulamalar\u0131n\u0131n \u00f6zellikleri web sitesinde \u00fcr\u00fcn \u00f6zellikleri sayfalar\u0131nda duyurulmu\u015ftur. Bu \u00f6zellikler d\u0131\u015f\u0131nda \u00f6zelli\u011fi m\u00fc\u015fteriye sunmay\u0131 taahh\u00fct etmez. Jetrik; \u00fcr\u00fcnleri i\u00e7in lisans bar\u0131nd\u0131rma hizmeti sunar. Kullan\u0131c\u0131ya \u00fcr\u00fcnlerinin lisanslanmas\u0131yla birlikte kurulum ve destek hizmetini vermeyi taahh\u00fct etmez. Kurulum ve destek hizmetleri ayr\u0131ca s\u00f6zle\u015fme ile d\u00fczenlenir.<\/p>\n<p><strong>3.4.<\/strong>\u00a0Jetrik \u00fcr\u00fcnlerinin kullan\u0131m hakk\u0131 sadece lisans kayd\u0131 bulunan firma ya da ki\u015fiye aittir. Lisanslar \u00fc\u00e7\u00fcnc\u00fc ki\u015filere devredilemez. Jetrik \u00fcr\u00fcnlerinin lisans sahibi d\u0131\u015f\u0131nda \u00fc\u00e7\u00fcnc\u00fc ki\u015filere devredildi\u011fi ve kulland\u0131r\u0131ld\u0131\u011f\u0131 anla\u015f\u0131l\u0131rsa lisans iptali sebebi say\u0131lacakt\u0131r.<\/p>\n<p><strong>3.5.<\/strong>\u00a0Jetrik, \u00fcyelik ko\u015fullar\u0131nda, \u00fcr\u00fcnlerinin fiyatlar\u0131nda, \u00f6deme modelleri ve periyotlar\u0131nda de\u011fi\u015fiklik yapma hakk\u0131na sahiptir. Kullan\u0131c\u0131 ve sat\u0131c\u0131 lisans\u0131na sahip oldu\u011fu \u00fcr\u00fcn\u00fc ve \u00fcyeli\u011fi \u00f6deme periyodu sonuna kadar var olan haliyle kullanabilir.<\/p>\n<p><strong>3.6.<\/strong>\u00a0Jetrik \u00fcr\u00fcnlerinin lisanslanmas\u0131 i\u00e7in kullan\u0131lan eposta ve bilgiler son kullan\u0131c\u0131n\u0131n ger\u00e7ek bilgileri olmal\u0131d\u0131r. Sat\u0131c\u0131lar son kullan\u0131c\u0131 bilgileri yerine kendi bilgilerini lisanslama i\u00e7in kullanamazlar. Kullan\u0131ld\u0131\u011f\u0131 tespit edilirse lisans iptali veya ask\u0131ya alma sebebi say\u0131lacakt\u0131r. Son kullan\u0131c\u0131lar b\u00f6yle bir durum tespit ederlerse ger\u00e7ek bilgilerini Jetrik\u2019a eposta ile bildirmek zorundad\u0131r.<\/p>\n<p><strong>3.7.<\/strong>\u00a0Jetrik \u00fcr\u00fcnlerine eri\u015fim \u015fifreleri kullan\u0131c\u0131ya eposta yoluyla g\u00f6nderilir. Bu bilgilerin korunmas\u0131 kullan\u0131c\u0131n\u0131n sorumlulu\u011fundad\u0131r. Jetrik \u00fcr\u00fcnlerinin i\u00e7 kullan\u0131m yetkileri lisans sahibi taraf\u0131ndan belirlenir. Bu bilgilerin yetkisiz ki\u015filerle payla\u015f\u0131lmas\u0131 durumunda ortaya \u00e7\u0131kacak maddi ve manevi zarardan Jetrik sorumlu de\u011fildir.<\/p>\n<p><strong>3.8<\/strong>. Jetrik \u00fcr\u00fcnlerinin baz\u0131lar\u0131 y\u00fcksek d\u00fczeyde konfig\u00fcrasyon \u00f6zelliklerine sahiptir. Bu konfig\u00fcrasyonlar lisanslamadan sonra kullan\u0131c\u0131 veya sat\u0131c\u0131 taraf\u0131ndan yap\u0131lmal\u0131d\u0131r. Kullan\u0131c\u0131 ve Jetrik aras\u0131nda bu konfig\u00fcrasyonlar\u0131n yap\u0131laca\u011f\u0131na dair bir s\u00f6zle\u015fme yoksa Jetrik bu konfig\u00fcrasyonlar\u0131 m\u00fc\u015fterinin taleplerine ve i\u015f ak\u0131\u015f\u0131na g\u00f6re yapmay\u0131 taahh\u00fct etmez. Jetrik; kullan\u0131c\u0131 ve sat\u0131c\u0131 aras\u0131nda d\u00fczenlenen Jetrik \u00fcr\u00fcnlerinin konfig\u00fcre edilmesi anla\u015fmalar\u0131n\u0131n, kurulum ve sonras\u0131ndaki destek s\u00f6zle\u015fmelerinin ve ticaretin bir taraf\u0131 de\u011fildir.<\/p>\n<p><strong>3.9.<\/strong>\u00a0Jetrik \u00fcr\u00fcnlerinin sa\u011fl\u0131kl\u0131 \u00e7al\u0131\u015fmas\u0131 i\u00e7in yeterlili\u011fi olan donan\u0131mlar\u0131n ve i\u015fletim sistemlerinin \u00f6zellikleri destek dok\u00fcmanlar\u0131nda ilgili b\u00f6l\u00fcmlerde verilmi\u015ftir. Yetersiz ve uyumsuz cihaz ve i\u015fletim sistemi kullan\u0131m\u0131ndan do\u011fan sorunlar Jetrik\u2019un sorumlulu\u011funda de\u011fildir.<\/p>\n<p><strong>3.10.<\/strong>\u00a0Jetrik, \u00fcr\u00fcnleri, servisleri, hizmetleri ve mobil uygulamalar\u0131nda diledi\u011fi zaman diledi\u011fi de\u011fi\u015fiklikleri yapma hakk\u0131na sahiptir. Kullan\u0131c\u0131lar\u0131n faydas\u0131n\u0131 g\u00f6zeterek yap\u0131lan bu de\u011fi\u015fiklikler ara versiyon, versiyon g\u00fcncellemeleri olabildi\u011fi gibi veritaban\u0131 de\u011fi\u015fiklikleri de olabilir. Kullan\u0131c\u0131 zorunlu de\u011filse bu de\u011fi\u015fiklikleri talep etmeyip \u00fcr\u00fcn\u00fc var olan haliyle kullanmaya devam edebilir. Sistemin \u00e7al\u0131\u015fmas\u0131 i\u00e7in yap\u0131lmas\u0131 gereken zorunlu de\u011fi\u015fiklikler kullan\u0131c\u0131n\u0131n iste\u011fine ba\u011fl\u0131 de\u011fildir. \u0130\u015fletim sistemi, geli\u015fen teknolojik yenilikler, donan\u0131mlar veya yasal zorunluluklar de\u011fi\u015fiklik yap\u0131lmas\u0131n\u0131 gerekli k\u0131labilir. Bu durumda kullan\u0131c\u0131 var olan\u0131 de\u011fil g\u00fcncelle\u015ftirilmi\u015f \u00fcr\u00fcn\u00fc, servisi, hizmeti ve mobil uygulamay\u0131 kullanmak zorundad\u0131r.<\/p>\n<p><strong>3.11.<\/strong>\u00a0Kullan\u0131c\u0131 ve sat\u0131c\u0131 Jetrik \u00fcr\u00fcnlerini kendi \u00fclkesinin yasalar\u0131na uygun kullanmay\u0131 kabul eder. Yasalara uygun olmayan kullan\u0131mlardan do\u011facak t\u00fcm sorumluluk kullan\u0131c\u0131ya ve sat\u0131c\u0131ya aittir.<\/p>\n<p><strong>3.12.<\/strong>\u00a0Jetrik \u00fcr\u00fcnleri ilk kurulumda kullan\u0131c\u0131ya ait hi\u00e7bir veri i\u00e7ermez. \u00dcr\u00fcnlerin veritaban\u0131na kaydedilen t\u00fcm veriler kullan\u0131c\u0131 taraf\u0131ndan girilir ve kaydedilir. Bu nedenle girilen bilgilerin i\u00e7eri\u011finden ve do\u011frulu\u011fundan sadece kullan\u0131c\u0131 sorumludur. Kullan\u0131c\u0131 isterse veritaban\u0131n\u0131n yede\u011fini alarak harici ortamlara kaydedebilir. Verilerinin g\u00fcvenlili\u011finden sadece kullan\u0131c\u0131n\u0131n kendi sorumludur.<\/p>\n<p><strong>3.13.<\/strong>\u00a0Jetrik \u00fcr\u00fcnlerinin oldu\u011fu gibi \u00e7al\u0131\u015fmas\u0131 i\u00e7in gerekli alt yap\u0131y\u0131 haz\u0131rlamakla kullan\u0131c\u0131 sorumludur. \u0130nternet, i\u015fletim sistemi, a\u011f, kablolama ve elektrik altyap\u0131s\u0131 yetersizliklerinden do\u011facak sorunlardan ve her t\u00fcr kay\u0131ptan sadece kullan\u0131c\u0131 sorumludur.<\/p>\n<p><strong>3.14.<\/strong>\u00a0Jetrik \u00fcr\u00fcnlerinin baz\u0131lar\u0131 \u00f6m\u00fcr boyu, baz\u0131lar\u0131 ayl\u0131k \u00f6demeli, baz\u0131lar\u0131 y\u0131ll\u0131k \u00f6demeli, baz\u0131lar\u0131 kullan\u0131c\u0131 ve cihaz bazl\u0131 lisanslanabilir. Sat\u0131n ald\u0131\u011f\u0131n\u0131z \u00fcr\u00fcn\u00fcn a\u00e7\u0131klamalar\u0131n\u0131 dikkatlice okuyunuz ve fiyatland\u0131rma \u00f6zelliklerine dikkat ediniz. Lisans \u00f6mr\u00fc dolan \u00fcr\u00fcnlerin lisans\u0131 ge\u00e7ici bir s\u00fcre veya s\u00fcrekli iptal edilerek \u00fcr\u00fcnler eri\u015fime kapat\u0131labilir. Lisans \u00f6m\u00fcrlerinin takibi ve \u00f6deme sorumlulu\u011fu kullan\u0131c\u0131ya aittir. Lisans \u00f6m\u00fcrlerinin sona ermesi sebebiyle \u00fcr\u00fcnlerin kullan\u0131ma ve eri\u015fime kapat\u0131lmas\u0131ndan dolay\u0131 do\u011facak maddi ve manevi zararlardan Jetrik sorumlu tutulamaz.<\/p>\n<p><strong>3.15.<\/strong>\u00a0Jetrik \u00fcr\u00fcnlerinin kullan\u0131c\u0131 veya sat\u0131c\u0131 taraf\u0131nda kullan\u0131m \u015fartlar\u0131na uygun kullan\u0131lmad\u0131\u011f\u0131 tespit edilirse, Jetrik\u2019un kullan\u0131c\u0131n\u0131n veya sat\u0131c\u0131n\u0131n lisanslar\u0131n\u0131 ge\u00e7ici bir s\u00fcre ask\u0131ya alma veya iptal etme hakk\u0131 vard\u0131r. Bu durumun ispat\u0131 i\u00e7in Jetrik kay\u0131tlar\u0131 ve verileri esas al\u0131n\u0131r.<\/p>\n<p><strong>3.16.<\/strong>\u00a0Jetrik \u00fcr\u00fcnlerinde, \u00fcr\u00fcnlerin ve \u00fcyeliklerin \u00fccretlendirilmelerinde \u00fclkelerin \u00f6zelliklerine ve \u00fclkelerin yasalar\u0131na g\u00f6re de\u011fi\u015fiklikler yapabilir. Ayn\u0131 marka ve isimle sunulan \u00fcr\u00fcnlerin sundu\u011fu \u00f6zellikler bu duruma g\u00f6re de\u011fi\u015fkenlik g\u00f6sterebilir. Kullan\u0131c\u0131 ve sat\u0131c\u0131 kendisine sunulan \u00fcr\u00fcn\u00fc sunuldu\u011fu ve oldu\u011fu gibi kabul eder.<\/p>\n<p><strong>3.17.<\/strong>\u00a0Jetrik \u00fcr\u00fcnlerinin baz\u0131lar\u0131 entegrasyon yap\u0131s\u0131 i\u00e7inde, internet servis sa\u011flay\u0131c\u0131lar, \u00fc\u00e7\u00fcnc\u00fc parti servisler ve sunucular \u00fczerinden sunulabilir. Bu entegrasyon yap\u0131s\u0131 ile, sa\u011flay\u0131c\u0131, servisler ve sunucular \u00fczerinden sunulan \u00fcr\u00fcnler zaman zaman Jetrik\u2019a ba\u011fl\u0131 olmayan belirli ya da belirli olmayan nedenlerle kesintiye u\u011frayabilir. Bu durumun yarataca\u011f\u0131 maddi ve manevi zararlardan Jetrik sorumlu de\u011fildir. Jetrik bu \u00fcr\u00fcnlerin \u00e7al\u0131\u015fabilmesi i\u00e7in gerekli d\u00fczenleme ve onar\u0131mlar\u0131n en k\u0131sa s\u00fcrede yap\u0131lmas\u0131 i\u00e7in maksimum \u00e7abay\u0131 sarf edece\u011fini taahh\u00fct eder.<\/p>\n<p><strong>3.18.<\/strong>\u00a0Jetrik \u00fcr\u00fcnlerinin deneme versiyonlar\u0131 kullan\u0131c\u0131 ve sat\u0131c\u0131lara sunulmu\u015ftur. Lisanslama yap\u0131lmadan \u00f6nce \u00fcr\u00fcnler kullan\u0131c\u0131 ve sat\u0131c\u0131 taraf\u0131ndan belirlenen s\u00fcrelerde denenebilir. Kullan\u0131c\u0131 ve sat\u0131c\u0131 \u00f6deme yapma karar\u0131n\u0131 verip lisanslama yap\u0131ld\u0131ktan sonra \u00fcr\u00fcnlerinin lisans\u0131n\u0131n iptali, \u00f6deme yap\u0131lm\u0131\u015fsa \u00f6deme iadesi m\u00fcmk\u00fcn de\u011fildir.<\/p>\n<ol start=\"4\">\n<li><strong> VER\u0130 KULLANIMI VE G\u0130ZL\u0130L\u0130K POL\u0130T\u0130KASI<\/strong><\/li>\n<\/ol>\n<p><strong>4.1.<\/strong>\u00a0Veri kullan\u0131m\u0131, ki\u015fisel verilerin korunmas\u0131 ve payla\u015f\u0131m\u0131 ile ilgili gizlilik politikam\u0131z T\u00fcrkiye Cumhuriyeti 6698 say\u0131l\u0131 kanuna g\u00f6re d\u00fczenlenmi\u015ftir. Jetrik bu kanunlarda belirtilen maddeler kapsam\u0131nda hareket eder. Detayl\u0131 bilgi i\u00e7in Gizlilik Politikas\u0131 dok\u00fcman\u0131m\u0131z\u0131 inceleyebilirsiniz.<\/p>\n<p><strong>4.2.<\/strong>\u00a0Jetrik \u00fcr\u00fcnlerinin kullan\u0131lmas\u0131 i\u00e7in Jetrik, kullan\u0131c\u0131lar\u0131n ve sat\u0131c\u0131lar\u0131n isim, soyisim, \u015firket ad\u0131, vergi numaras\u0131, vergi dairesi, adres, telefon, eposta bilgilerine ihtiya\u00e7 duyar. Bu bilgiler kullan\u0131c\u0131 ve sat\u0131c\u0131 hesaplar\u0131n\u0131n a\u00e7\u0131lmas\u0131 i\u00e7in gereklidir. Kullan\u0131c\u0131 ve sat\u0131c\u0131lar bu bilgileri kullanmak \u00fczere Jetrik\u2019a ilgili yasa kapsam\u0131nda izin verdiklerini kabul eder.<\/p>\n<p><strong>4.3.<\/strong>\u00a0Kullan\u0131c\u0131 ve sat\u0131c\u0131lar diledi\u011fi zaman Jetrik \u00fcr\u00fcnlerindeki \u00fcyeli\u011fini iptal edip bilgilerinin kay\u0131t ortam\u0131ndan silinmesini talep edebilir. Silme i\u015flemin ger\u00e7ekle\u015ftirilmesi i\u00e7in kay\u0131tl\u0131 epostas\u0131nda\u00a0<a href=\"mailto:info@sambapos.com\">info@Jetrik.com<\/a>\u00a0adresine talebini bildirir eposta g\u00f6ndermesi yeterlidir. Bu i\u015flem ger\u00e7ekle\u015ftirildi\u011fine \u00fcr\u00fcnlere ba\u011fl\u0131 t\u00fcm kullan\u0131c\u0131 ve sat\u0131c\u0131 bilgileri silinece\u011finden kullan\u0131c\u0131 ve sat\u0131c\u0131n\u0131n \u00fcr\u00fcn ve lisans kullan\u0131m haklar\u0131 sona erecektir. Kullan\u0131c\u0131 ve sat\u0131c\u0131 bu i\u015flemin sonu\u00e7lar\u0131n\u0131 bilir ve kabul eder.<\/p>\n<p><strong>4.4.<\/strong>\u00a0Kullan\u0131c\u0131 ve sat\u0131c\u0131 Jetrik \u00fcr\u00fcnlerini ticaretinin bir arac\u0131 olarak kullanmas\u0131 sebebiyle \u00fcr\u00fcnlerde kullan\u0131lan her bilgi ticari bilgi niteli\u011fi ta\u015f\u0131yabilir. Kullan\u0131c\u0131 ve sat\u0131c\u0131 bu bilgilerin Jetrik \u00fcr\u00fcnlerinde, \u00fcr\u00fcn geli\u015ftirmesinde, pazarlama faaliyetlerinde ve i\u015f geli\u015ftirme a\u015famalar\u0131nda kullan\u0131lmas\u0131na, i\u015flenmesine ve raporlanmas\u0131na T\u00fcrkiye Cumhuriyet\u2019nin ilgili yasalar\u0131 kapsam\u0131nda izin verir.<\/p>\n<p><strong>4.5.<\/strong>\u00a0Jetrik \u00fcr\u00fcnlerinin kullan\u0131m\u0131 sonucunda elde edilen hi\u00e7bir bilgi kullan\u0131c\u0131 ve sat\u0131c\u0131 aleyhine sonu\u00e7 do\u011furacak, rekabeti \u00f6nleyecek, haks\u0131z kazan\u00e7 do\u011furacak ve yasalara ayk\u0131r\u0131l\u0131k olu\u015fturulacak ama\u00e7larda kullan\u0131lamaz.<\/p>\n<ol start=\"5\">\n<li><strong> KULLANIM \u015eARTLARI DE\u011e\u0130\u015e\u0130KL\u0130\u011e\u0130 ve YASAL DURUM<\/strong><\/li>\n<\/ol>\n<p><strong>5.1.<\/strong>\u00a0Jetrik, yasal de\u011fi\u015fiklikler veya teknolojik yenilikler sebebiyle \u00fcr\u00fcnlerinde geli\u015ftirmeler ve de\u011fi\u015fiklikler yapabilir. Buna ba\u011fl\u0131 olarak veya tamamen gereklilikler do\u011frultusunda kullan\u0131m ko\u015fullar\u0131nda de\u011fi\u015fiklikler yapabilir.<\/p>\n<p><strong>5.2.<\/strong>\u00a0Jetrik ko\u015fullara ba\u011fl\u0131 olarak kullan\u0131m ko\u015fullar\u0131nda ve gizlilik s\u00f6zle\u015fmesinde de\u011fi\u015fiklik yapabilir. Jetrik.com\u2019da dok\u00fcman\u0131n son versiyonunu bulabilirsiniz.<\/p>\n<p><strong>5.3.<\/strong>\u00a0Jetrik, T\u00fcrkiye Cumhuriyeti yasalar\u0131na ba\u011fl\u0131 faaliyet g\u00f6steren bir \u015firkettir. Yasal uyu\u015fmazl\u0131klarda T\u00fcrkiye Cumhuriyeti kanunlar\u0131 uygulanacakt\u0131r. \u0130stanbul Mahkemeleri yasal ba\u015fvuru kurumu kabul edilmektedir.<\/p>\n<ol start=\"6\">\n<li><strong> \u0130LET\u0130\u015e\u0130M<\/strong><\/li>\n<\/ol>\n<p>Kullan\u0131m \u015fartlar\u0131 ve gizlilik politikas\u0131 ile ilgili sorular\u0131n\u0131z olursa\u00a0<a href=\"mailto:support@sambapos.com\">support@Jetrik.com<\/a>\u00a0ve\u00a0<a href=\"mailto:info@sambapos.com\">info@Jetrik.com<\/a>adreslerinden bilgi alabilirsiniz.<\/p>\n","protected":false},"excerpt":{"rendered":"<p>Kullan\u0131m \u015eartlar\u0131 L\u00fctfen Jetrik lisanlar\u0131n\u0131, \u00fcr\u00fcnlerini, hizmetlerini, servislerini, mobil uygulamalar\u0131n\u0131 ve web sitesini kullanmadan \u00f6nce mutlaka Jetrik Kullan\u0131m \u015eartlar\u0131 ve Gizlilik Politikas\u0131n\u0131 dikkatlice okuyun. Herhangi bir lisans\u0131m\u0131z\u0131, \u00fcr\u00fcn\u00fcm\u00fcz\u00fc, hizmetimizi, servisimizi, mobil uygulamam\u0131z\u0131 ve web sitemizi kullanmaya ba\u015flad\u0131\u011f\u0131n\u0131zda her iki dok\u00fcmanda da bulunan t\u00fcm \u015fartlar\u0131 ve politikalar\u0131 kabul etmi\u015f olursunuz. T\u00fcm \u015fartlar\u0131 ve politikalar\u0131 kabul etmiyorsan\u0131z&#8230;<\/p>\n","protected":false},"author":1,"featured_media":0,"parent":0,"menu_order":0,"comment_status":"closed","ping_status":"closed","template":"","meta":{"_acf_changed":false,"footnotes":""},"class_list":["post-13787","page","type-page","status-publish","hentry"],"acf":[],"yoast_head":"<!-- This site is optimized with the Yoast SEO plugin v24.0 - https:\/\/yoast.com\/wordpress\/plugins\/seo\/ -->\n<title>Kullan\u0131m Ko\u015fullar\u0131 - Jetrik<\/title>\n<meta name=\"robots\" content=\"index, follow, max-snippet:-1, max-image-preview:large, max-video-preview:-1\" \/>\n<link rel=\"canonical\" href=\"https:\/\/jetrik.com\/tr\/terms-of-use\/\" \/>\n<meta property=\"og:locale\" content=\"tr_TR\" \/>\n<meta property=\"og:type\" content=\"article\" \/>\n<meta property=\"og:title\" content=\"Kullan\u0131m Ko\u015fullar\u0131 - Jetrik\" \/>\n<meta property=\"og:description\" content=\"Kullan\u0131m \u015eartlar\u0131 L\u00fctfen Jetrik lisanlar\u0131n\u0131, \u00fcr\u00fcnlerini, hizmetlerini, servislerini, mobil uygulamalar\u0131n\u0131 ve web sitesini kullanmadan \u00f6nce mutlaka Jetrik Kullan\u0131m \u015eartlar\u0131 ve Gizlilik Politikas\u0131n\u0131 dikkatlice okuyun. Herhangi bir lisans\u0131m\u0131z\u0131, \u00fcr\u00fcn\u00fcm\u00fcz\u00fc, hizmetimizi, servisimizi, mobil uygulamam\u0131z\u0131 ve web sitemizi kullanmaya ba\u015flad\u0131\u011f\u0131n\u0131zda her iki dok\u00fcmanda da bulunan t\u00fcm \u015fartlar\u0131 ve politikalar\u0131 kabul etmi\u015f olursunuz. T\u00fcm \u015fartlar\u0131 ve politikalar\u0131 kabul etmiyorsan\u0131z...\" \/>\n<meta property=\"og:url\" content=\"https:\/\/jetrik.com\/tr\/terms-of-use\/\" \/>\n<meta property=\"og:site_name\" content=\"Jetrik\" \/>\n<meta property=\"article:publisher\" content=\"https:\/\/www.facebook.com\/jetrikcom\" \/>\n<meta property=\"article:modified_time\" content=\"2022-04-18T13:38:04+00:00\" \/>\n<meta name=\"twitter:card\" content=\"summary_large_image\" \/>\n<meta name=\"twitter:label1\" content=\"Tahmini okuma s\u00fcresi\" \/>\n\t<meta name=\"twitter:data1\" content=\"7 dakika\" \/>\n<script type=\"application\/ld+json\" class=\"yoast-schema-graph\">{\"@context\":\"https:\/\/schema.org\",\"@graph\":[{\"@type\":\"WebPage\",\"@id\":\"https:\/\/jetrik.com\/tr\/terms-of-use\/\",\"url\":\"https:\/\/jetrik.com\/tr\/terms-of-use\/\",\"name\":\"Kullan\u0131m Ko\u015fullar\u0131 - Jetrik\",\"isPartOf\":{\"@id\":\"https:\/\/jetrik.com\/#website\"},\"datePublished\":\"2022-04-18T08:13:08+00:00\",\"dateModified\":\"2022-04-18T13:38:04+00:00\",\"inLanguage\":\"tr\",\"potentialAction\":[{\"@type\":\"ReadAction\",\"target\":[\"https:\/\/jetrik.com\/tr\/terms-of-use\/\"]}]},{\"@type\":\"WebSite\",\"@id\":\"https:\/\/jetrik.com\/#website\",\"url\":\"https:\/\/jetrik.com\/\",\"name\":\"Jetrik - Elevate your service, simplify your success\",\"description\":\"\",\"potentialAction\":[{\"@type\":\"SearchAction\",\"target\":{\"@type\":\"EntryPoint\",\"urlTemplate\":\"https:\/\/jetrik.com\/?s={search_term_string}\"},\"query-input\":{\"@type\":\"PropertyValueSpecification\",\"valueRequired\":true,\"valueName\":\"search_term_string\"}}],\"inLanguage\":\"tr\"}]}<\/script>\n<!-- \/ Yoast SEO plugin. -->","yoast_head_json":{"title":"Kullan\u0131m Ko\u015fullar\u0131 - Jetrik","robots":{"index":"index","follow":"follow","max-snippet":"max-snippet:-1","max-image-preview":"max-image-preview:large","max-video-preview":"max-video-preview:-1"},"canonical":"https:\/\/jetrik.com\/tr\/terms-of-use\/","og_locale":"tr_TR","og_type":"article","og_title":"Kullan\u0131m Ko\u015fullar\u0131 - Jetrik","og_description":"Kullan\u0131m \u015eartlar\u0131 L\u00fctfen Jetrik lisanlar\u0131n\u0131, \u00fcr\u00fcnlerini, hizmetlerini, servislerini, mobil uygulamalar\u0131n\u0131 ve web sitesini kullanmadan \u00f6nce mutlaka Jetrik Kullan\u0131m \u015eartlar\u0131 ve Gizlilik Politikas\u0131n\u0131 dikkatlice okuyun. Herhangi bir lisans\u0131m\u0131z\u0131, \u00fcr\u00fcn\u00fcm\u00fcz\u00fc, hizmetimizi, servisimizi, mobil uygulamam\u0131z\u0131 ve web sitemizi kullanmaya ba\u015flad\u0131\u011f\u0131n\u0131zda her iki dok\u00fcmanda da bulunan t\u00fcm \u015fartlar\u0131 ve politikalar\u0131 kabul etmi\u015f olursunuz. T\u00fcm \u015fartlar\u0131 ve politikalar\u0131 kabul etmiyorsan\u0131z...","og_url":"https:\/\/jetrik.com\/tr\/terms-of-use\/","og_site_name":"Jetrik","article_publisher":"https:\/\/www.facebook.com\/jetrikcom","article_modified_time":"2022-04-18T13:38:04+00:00","twitter_card":"summary_large_image","twitter_misc":{"Tahmini okuma s\u00fcresi":"7 dakika"},"schema":{"@context":"https:\/\/schema.org","@graph":[{"@type":"WebPage","@id":"https:\/\/jetrik.com\/tr\/terms-of-use\/","url":"https:\/\/jetrik.com\/tr\/terms-of-use\/","name":"Kullan\u0131m Ko\u015fullar\u0131 - Jetrik","isPartOf":{"@id":"https:\/\/jetrik.com\/#website"},"datePublished":"2022-04-18T08:13:08+00:00","dateModified":"2022-04-18T13:38:04+00:00","inLanguage":"tr","potentialAction":[{"@type":"ReadAction","target":["https:\/\/jetrik.com\/tr\/terms-of-use\/"]}]},{"@type":"WebSite","@id":"https:\/\/jetrik.com\/#website","url":"https:\/\/jetrik.com\/","name":"Jetrik - Elevate your service, simplify your success","description":"","potentialAction":[{"@type":"SearchAction","target":{"@type":"EntryPoint","urlTemplate":"https:\/\/jetrik.com\/?s={search_term_string}"},"query-input":{"@type":"PropertyValueSpecification","valueRequired":true,"valueName":"search_term_string"}}],"inLanguage":"tr"}]}},"_links":{"self":[{"href":"https:\/\/jetrik.com\/tr\/wp-json\/wp\/v2\/pages\/13787","targetHints":{"allow":["GET"]}}],"collection":[{"href":"https:\/\/jetrik.com\/tr\/wp-json\/wp\/v2\/pages"}],"about":[{"href":"https:\/\/jetrik.com\/tr\/wp-json\/wp\/v2\/types\/page"}],"author":[{"embeddable":true,"href":"https:\/\/jetrik.com\/tr\/wp-json\/wp\/v2\/users\/1"}],"replies":[{"embeddable":true,"href":"https:\/\/jetrik.com\/tr\/wp-json\/wp\/v2\/comments?post=13787"}],"version-history":[{"count":4,"href":"https:\/\/jetrik.com\/tr\/wp-json\/wp\/v2\/pages\/13787\/revisions"}],"predecessor-version":[{"id":13795,"href":"https:\/\/jetrik.com\/tr\/wp-json\/wp\/v2\/pages\/13787\/revisions\/13795"}],"wp:attachment":[{"href":"https:\/\/jetrik.com\/tr\/wp-json\/wp\/v2\/media?parent=13787"}],"curies":[{"name":"wp","href":"https:\/\/api.w.org\/{rel}","templated":true}]}}