{"id":13786,"date":"2022-04-18T08:09:12","date_gmt":"2022-04-18T08:09:12","guid":{"rendered":"https:\/\/jetrik.com\/privacy\/"},"modified":"2022-04-18T13:37:45","modified_gmt":"2022-04-18T13:37:45","slug":"privacy","status":"publish","type":"page","link":"https:\/\/jetrik.com\/tr\/privacy\/","title":{"rendered":"Gizlilik Politikas\u0131"},"content":{"rendered":"<p><strong>Gizlilik Politikas\u0131<\/strong><\/p>\n<p><strong>L\u00fctfen Jetrik lisanlar\u0131n\u0131, \u00fcr\u00fcnlerini, hizmetlerini, servislerini, mobil uygulamalar\u0131n\u0131 ve web sitesini kullanmadan \u00f6nce mutlaka Jetrik Kullan\u0131m \u015eartlar\u0131 ve Gizlilik Politikas\u0131n\u0131 dikkatlice okuyun. Herhangi bir lisans\u0131m\u0131z\u0131, \u00fcr\u00fcn\u00fcm\u00fcz\u00fc, hizmetimizi, servisimizi, mobil uygulamam\u0131z\u0131 ve web sitemizi kullanmaya ba\u015flad\u0131\u011f\u0131n\u0131zda her iki dok\u00fcmanda da bulunan t\u00fcm \u015fartlar\u0131 ve politikalar\u0131 kabul etmi\u015f olursunuz. Jetrik kullan\u0131m \u015fartlar\u0131n\u0131 ve gizlilik politikalar\u0131n\u0131 kabul etmiyorsan\u0131z; Jetrik lisanslar\u0131n\u0131, \u00fcr\u00fcnlerini, hizmetlerini, servislerini, mobil uygulamalar\u0131n\u0131 ve web sitesini kullanmamal\u0131s\u0131n\u0131z.<\/strong><\/p>\n<ol>\n<li><strong> KAPSAM<\/strong><\/li>\n<\/ol>\n<p>Bu s\u00f6zle\u015fme JETRIK YAZILIM A.\u015e.\u2019nin (Jetrik olarak da an\u0131lacakt\u0131r.) lisanslad\u0131\u011f\u0131, \u00fcretti\u011fi, \u00fcrettirdi\u011fi, sat\u0131\u015f\u0131n\u0131, kiralamas\u0131n\u0131 yapt\u0131\u011f\u0131, \u00fccretsiz olarak da\u011f\u0131tt\u0131\u011f\u0131 t\u00fcm yaz\u0131l\u0131mlar\u0131, mobil uygulamalar\u0131, web sitesi hizmetlerini, internet servislerini, sunucu hizmetlerini, \u00f6deme alma alt yap\u0131lar\u0131n\u0131, \u00fc\u00e7\u00fcnc\u00fc parti entegrasyon yaz\u0131l\u0131mlar\u0131n\u0131, donan\u0131m \u00fcr\u00fcnlerini ve hizmetlerini kapsar. Bu \u00fcr\u00fcnlerden herhangi birini kulland\u0131\u011f\u0131n\u0131zda Jetrik Kullan\u0131m \u015eartlar\u0131n\u0131 ve Gizlilik Politikas\u0131n\u0131 kabul etmi\u015f olursunuz.<\/p>\n<ol start=\"2\">\n<li><strong> TARAFLAR<\/strong><\/li>\n<\/ol>\n<p><strong>2.1. Jetrik:<\/strong>\u00a0Jetrik \u00fcr\u00fcnlerini lisanslayan, hizmetlerini, servislerini, mobil uygulamalar\u0131n\u0131, web sitesini ve entegrasyonlar\u0131n\u0131 y\u00f6neten Jetrik Yaz\u0131l\u0131m A.\u015e.\u2019yi temsil eder.<\/p>\n<p><strong>2.2. Sat\u0131c\u0131:<\/strong>\u00a0Jetrik lisanslar\u0131n\u0131n, \u00fcr\u00fcnlerinin, hizmetlerinin, servislerinin, mobil uygulamalar\u0131n\u0131n ve web sitesinin kullan\u0131m\u0131na arac\u0131l\u0131k eden, Jetrik Yaz\u0131l\u0131m A.\u015e.\u2019den tamam\u0131yla ba\u011f\u0131ms\u0131z \u00e7al\u0131\u015fan, destek ve kurulum hizmetleri veren \u015firket ve ki\u015fileri temsil eder.<\/p>\n<p><strong>2.3. \u00dc\u00e7\u00fcnc\u00fc Partiler:<\/strong>\u00a0Jetrik\u2019un entegrasyon yapt\u0131\u011f\u0131, Jetrik\u2019un baz\u0131 \u00fcr\u00fcnleriyle entegre \u00e7al\u0131\u015fan tamam\u0131yla Jetrik\u2019tan ba\u011f\u0131ms\u0131z \u00e7al\u0131\u015fan \u015firket ve ki\u015filerin \u00fcretti\u011fi yaz\u0131l\u0131m, uygulama, cihaz, servis ve hizmetleri temsil eder.<\/p>\n<p><strong>2.4. Kullan\u0131c\u0131(\u00dcye):<\/strong>\u00a0Jetrik\u2019un lisansl\u0131 \u00fcr\u00fcnlerini, hizmetlerini, servislerini, mobil uygulamalar\u0131n\u0131 veya web sitesini kullanan \u015firket ve ki\u015fileri temsil eder.<\/p>\n<ol start=\"3\">\n<li><strong> G\u0130ZL\u0130L\u0130K POL\u0130T\u0130KASI<\/strong><\/li>\n<\/ol>\n<p><strong>3.1.<\/strong>\u00a0Kullan\u0131c\u0131 ve sat\u0131c\u0131 internet ve bilgisayar ortamlar\u0131n\u0131n %100 g\u00fcvenli bir ortam olmad\u0131\u011f\u0131n\u0131 bilir, bu gibi ortamlar\u0131 hukuka ayk\u0131r\u0131 kullanan 3. ki\u015filerin varl\u0131\u011f\u0131ndan haberdard\u0131r. Jetrik 3. ki\u015filerin hukuka ayk\u0131r\u0131 faaliyetlerini \u00f6nleyici tedbirler alsa da bu %100 koruma sa\u011flamaz. Kullan\u0131c\u0131 ve sat\u0131c\u0131 bu riski bilir ve kabul eder.<\/p>\n<p><strong>3.2.<\/strong>\u00a0Jetrik \u00fcr\u00fcnlerinde ve hizmetlerinde kullan\u0131lan her t\u00fcrl\u00fc i\u00e7eri\u011fi kullan\u0131c\u0131 ve sat\u0131c\u0131 kendi olu\u015fturur. Bu bilgilerin do\u011frulu\u011fundan ve yasalara uygunlu\u011fundan sadece kullan\u0131c\u0131 ve sat\u0131c\u0131 sorumludur.<\/p>\n<p><strong>3.3.<\/strong>\u00a0Jetrik baz\u0131 \u00fcr\u00fcn ve hizmetlerini kullan\u0131c\u0131ya ve sat\u0131c\u0131ya kulland\u0131rmak i\u00e7in kullan\u0131c\u0131dan ve sat\u0131c\u0131dan isim, soyisim, eposta, telefon, adres, ticari unvan\u0131 ve marka bilgilerini talep edebilir. Kullan\u0131c\u0131 ve sat\u0131c\u0131 Jetrik \u00fcr\u00fcnlerini ve hizmetlerini kullanmak i\u00e7in bu bilgileri kendi izniyle verir. \u00dcr\u00fcnlerin ve hizmetlerin kullan\u0131m\u0131 i\u00e7in olu\u015fturulmu\u015f \u015fifre bilgileri kullan\u0131c\u0131 ve sat\u0131c\u0131ya bildirdi\u011fi eposta yoluyla iletilir. \u00dcr\u00fcn ve hizmetlerin kullan\u0131m\u0131 i\u00e7in olu\u015fturulmu\u015f \u015fifrelerin g\u00fcvenli\u011finden kullan\u0131c\u0131 ve sat\u0131c\u0131 sorumludur. Bu bilgileri yetkisiz 3.ki\u015filerle payla\u015famaz. Payla\u015f\u0131lmas\u0131 durumunda do\u011facak zarardan Jetrik sorumlu de\u011fildir.<\/p>\n<p><strong>3.4.<\/strong>\u00a0Jetrik\u2019un \u00fc\u00e7\u00fcnc\u00fc partilerle yapt\u0131\u011f\u0131 anla\u015fmalar sonucunda kullan\u0131c\u0131 ve sat\u0131c\u0131 \u00fc\u00e7\u00fcnc\u00fc partilerin \u00fcr\u00fcnlerinden yararlanmak, sa\u011flad\u0131\u011f\u0131 hizmetleri, \u00fcr\u00fcnleri kullanmak isteyebilir ve gizlilik i\u00e7eren bilgilerini bu \u00fc\u00e7\u00fcnc\u00fc partilerle payla\u015fmak durumunda kalabilir. Bu durumda Jetrik, kullan\u0131c\u0131 ve sat\u0131c\u0131n\u0131n \u00fc\u00e7\u00fcnc\u00fc partilerle yapt\u0131\u011f\u0131 anla\u015fman\u0131n bir taraf\u0131 de\u011fildir. \u00dc\u00e7\u00fcnc\u00fc partilerin verdi\u011fi hizmetlerin ve g\u00fcvenli\u011finin tek sorumlusu \u00fc\u00e7\u00fcnc\u00fc partiler, kullan\u0131c\u0131 ve sat\u0131c\u0131d\u0131r.<\/p>\n<p><strong>3.5.<\/strong>\u00a0Jetrik, yasalar gerektirmedi\u011fi s\u00fcrece \u0131rk, etnik kimlik, din, siyasi ve felsefi d\u00fc\u015f\u00fcnce, fiziksel ve ruhsal sa\u011fl\u0131k ile ilgili bilgileri kesinlikle talep etmemektedir. Bu gibi bilgilerin Jetrik \u00fcr\u00fcnlerinde kullan\u0131m\u0131ndan sadece kullan\u0131c\u0131 ve sat\u0131c\u0131 sorumludur.<\/p>\n<p><strong>3.6.<\/strong>\u00a0Jetrik \u00fcr\u00fcnlerinin lisanslanmas\u0131 i\u00e7in kullan\u0131lan eposta ve bilgiler kullan\u0131c\u0131n\u0131n ger\u00e7ek bilgileri olmal\u0131d\u0131r. Sat\u0131c\u0131lar kullan\u0131c\u0131 bilgileri yerine kendi bilgilerini lisanslama i\u00e7in kullanamazlar. Kullan\u0131ld\u0131\u011f\u0131 tespit edilirse lisans iptali veya ask\u0131ya alma sebebi say\u0131lacakt\u0131r. Kullan\u0131c\u0131lar b\u00f6yle bir durum tespit ederlerse ger\u00e7ek bilgilerini Jetrik\u2019a eposta ile bildirmek zorundad\u0131r.<\/p>\n<p><strong>3.7.<\/strong>\u00a0Jetrik \u00fcr\u00fcnlerine eri\u015fim \u015fifreleri kullan\u0131c\u0131ya eposta yoluyla g\u00f6nderilir. Bu bilgilerin korunmas\u0131 kullan\u0131c\u0131n\u0131n sorumlulu\u011fundad\u0131r. Jetrik \u00fcr\u00fcnlerinin i\u00e7 kullan\u0131m yetkileri lisans sahibi taraf\u0131ndan belirlenir. Bu bilgilerin yetkisiz ki\u015filerle payla\u015f\u0131lmas\u0131 durumunda ortaya \u00e7\u0131kacak maddi ve manevi zarardan Jetrik sorumlu de\u011fildir.<\/p>\n<p><strong>3.8.<\/strong>\u00a0Jetrik, kullan\u0131c\u0131n\u0131n ve sat\u0131c\u0131n\u0131n \u00fcr\u00fcn ve hizmetleri kullanmak i\u00e7in verdi\u011fi bilgileri ileti\u015fim kanal\u0131 olarak kullanabilir. Kullan\u0131c\u0131ya ve sat\u0131c\u0131ya telefon, eposta ve adrese posta yoluyla direkt veya dijital olarak bilgilendirme yapabilir. Kullan\u0131c\u0131 ve sat\u0131c\u0131 kendisine telefon, eposta ve adrese postalama yoluyla yap\u0131lacak her t\u00fcrl\u00fc bilgilendirme ve pazarlama faaliyetlerine izin verdi\u011fini kabul eder. Kullan\u0131c\u0131 ve sat\u0131c\u0131 istedi\u011fi zaman bu faaliyetlerin t\u00fcm\u00fcn\u00fc veya bir k\u0131sm\u0131n\u0131 sonland\u0131rmak i\u00e7in Jetrik\u2019a ba\u015fvurabilir.<\/p>\n<p><strong>3.9.<\/strong>\u00a0Kullan\u0131c\u0131 ve sat\u0131c\u0131, Jetrik \u00fcr\u00fcn ve hizmetlerinin kullan\u0131m\u0131n\u0131 sonland\u0131rmas\u0131 sebebiyle Jetrik\u2019ta bulunan t\u00fcm kay\u0131tl\u0131 bilgilerinin silinmesini talep edebilir.<\/p>\n<p><strong>3.10.<\/strong>\u00a0Jetrik \u00fcr\u00fcnlerinin ve hizmetlerinin kullan\u0131lmas\u0131 ya da herhangi bir b\u00f6l\u00fcmden yararlan\u0131lmas\u0131 i\u00e7in ad, soyad, adres\/ya\u015fan\u0131lan yer, IP bilgileri, e-posta adresi, telefon numaras\u0131 vb. ki\u015fisel veriler Jetrik\u2019 a verilmi\u015f, kaydedilmi\u015f olabilir. Kullan\u0131c\u0131 ve sat\u0131c\u0131 vermi\u015f ve a\u00e7\u0131klam\u0131\u015f kaydetmi\u015f oldu\u011fu ki\u015fisel verilerin Jetrik\u2019a a\u00e7\u0131k olaca\u011f\u0131n\u0131 dikkate alarak bu bilgileri a\u00e7\u0131klam\u0131\u015f oldu\u011funu, kaydetti\u011fi her bilginin, i\u00e7eri\u011fin Jetrik\u2019a kar\u015f\u0131 gizlili\u011fini yitirdi\u011fini kabul etmi\u015f say\u0131l\u0131r. Kullan\u0131c\u0131 ve sat\u0131c\u0131, se\u00e7mi\u015f oldu\u011fu payla\u015f\u0131m seviyesi ile ki\u015fisel verilerini ve g\u00f6nderdi\u011fi i\u00e7eri\u011fi di\u011fer kullan\u0131c\u0131larla veya \u00fc\u00e7\u00fcnc\u00fc ki\u015filerle payla\u015fmay\u0131 se\u00e7erse, kaydetti\u011fi her bilgi ve i\u00e7eri\u011fin di\u011fer kullan\u0131c\u0131lara ve \u00fc\u00e7\u00fcnc\u00fc ki\u015filere kar\u015f\u0131 da gizlili\u011fini yitirdi\u011fini kabul etmi\u015f say\u0131l\u0131r.<\/p>\n<p><strong>3.11.<\/strong>\u00a0Jetrik T\u00fcrkiye Cumhuriyeti 6698 say\u0131l\u0131 kanun kapsam\u0131nda hareket eder ve yasalar\u0131 uygular. Ki\u015fisel verilerin kullan\u0131lmas\u0131 bu kanunla d\u00fczenlenmi\u015ftir.<\/p>\n<p><strong>3.12.<\/strong>\u00a0Jetrik gizlilik politikas\u0131 ile ilgili sorular\u0131n\u0131z\u0131\u00a0<a href=\"mailto:info@sambapos.com\">info@Jetrik.com<\/a>\u00a0a iletebilirsiniz.<\/p>\n","protected":false},"excerpt":{"rendered":"<p>Gizlilik Politikas\u0131 L\u00fctfen Jetrik lisanlar\u0131n\u0131, \u00fcr\u00fcnlerini, hizmetlerini, servislerini, mobil uygulamalar\u0131n\u0131 ve web sitesini kullanmadan \u00f6nce mutlaka Jetrik Kullan\u0131m \u015eartlar\u0131 ve Gizlilik Politikas\u0131n\u0131 dikkatlice okuyun. Herhangi bir lisans\u0131m\u0131z\u0131, \u00fcr\u00fcn\u00fcm\u00fcz\u00fc, hizmetimizi, servisimizi, mobil uygulamam\u0131z\u0131 ve web sitemizi kullanmaya ba\u015flad\u0131\u011f\u0131n\u0131zda her iki dok\u00fcmanda da bulunan t\u00fcm \u015fartlar\u0131 ve politikalar\u0131 kabul etmi\u015f olursunuz. Jetrik kullan\u0131m \u015fartlar\u0131n\u0131 ve gizlilik politikalar\u0131n\u0131&#8230;<\/p>\n","protected":false},"author":1,"featured_media":0,"parent":0,"menu_order":0,"comment_status":"closed","ping_status":"closed","template":"","meta":{"_acf_changed":false,"footnotes":""},"class_list":["post-13786","page","type-page","status-publish","hentry"],"acf":[],"yoast_head":"<!-- This site is optimized with the Yoast SEO plugin v24.0 - https:\/\/yoast.com\/wordpress\/plugins\/seo\/ -->\n<title>Gizlilik Politikas\u0131 - Jetrik<\/title>\n<meta name=\"robots\" content=\"index, follow, max-snippet:-1, max-image-preview:large, max-video-preview:-1\" \/>\n<link rel=\"canonical\" href=\"https:\/\/jetrik.com\/tr\/privacy\/\" \/>\n<meta property=\"og:locale\" content=\"tr_TR\" \/>\n<meta property=\"og:type\" content=\"article\" \/>\n<meta property=\"og:title\" content=\"Gizlilik Politikas\u0131 - Jetrik\" \/>\n<meta property=\"og:description\" content=\"Gizlilik Politikas\u0131 L\u00fctfen Jetrik lisanlar\u0131n\u0131, \u00fcr\u00fcnlerini, hizmetlerini, servislerini, mobil uygulamalar\u0131n\u0131 ve web sitesini kullanmadan \u00f6nce mutlaka Jetrik Kullan\u0131m \u015eartlar\u0131 ve Gizlilik Politikas\u0131n\u0131 dikkatlice okuyun. Herhangi bir lisans\u0131m\u0131z\u0131, \u00fcr\u00fcn\u00fcm\u00fcz\u00fc, hizmetimizi, servisimizi, mobil uygulamam\u0131z\u0131 ve web sitemizi kullanmaya ba\u015flad\u0131\u011f\u0131n\u0131zda her iki dok\u00fcmanda da bulunan t\u00fcm \u015fartlar\u0131 ve politikalar\u0131 kabul etmi\u015f olursunuz. Jetrik kullan\u0131m \u015fartlar\u0131n\u0131 ve gizlilik politikalar\u0131n\u0131...\" \/>\n<meta property=\"og:url\" content=\"https:\/\/jetrik.com\/tr\/privacy\/\" \/>\n<meta property=\"og:site_name\" content=\"Jetrik\" \/>\n<meta property=\"article:publisher\" content=\"https:\/\/www.facebook.com\/jetrikcom\" \/>\n<meta property=\"article:modified_time\" content=\"2022-04-18T13:37:45+00:00\" \/>\n<meta name=\"twitter:card\" content=\"summary_large_image\" \/>\n<meta name=\"twitter:label1\" content=\"Tahmini okuma s\u00fcresi\" \/>\n\t<meta name=\"twitter:data1\" content=\"4 dakika\" \/>\n<script type=\"application\/ld+json\" class=\"yoast-schema-graph\">{\"@context\":\"https:\/\/schema.org\",\"@graph\":[{\"@type\":\"WebPage\",\"@id\":\"https:\/\/jetrik.com\/tr\/privacy\/\",\"url\":\"https:\/\/jetrik.com\/tr\/privacy\/\",\"name\":\"Gizlilik Politikas\u0131 - Jetrik\",\"isPartOf\":{\"@id\":\"https:\/\/jetrik.com\/#website\"},\"datePublished\":\"2022-04-18T08:09:12+00:00\",\"dateModified\":\"2022-04-18T13:37:45+00:00\",\"inLanguage\":\"tr\",\"potentialAction\":[{\"@type\":\"ReadAction\",\"target\":[\"https:\/\/jetrik.com\/tr\/privacy\/\"]}]},{\"@type\":\"WebSite\",\"@id\":\"https:\/\/jetrik.com\/#website\",\"url\":\"https:\/\/jetrik.com\/\",\"name\":\"Jetrik - Elevate your service, simplify your success\",\"description\":\"\",\"potentialAction\":[{\"@type\":\"SearchAction\",\"target\":{\"@type\":\"EntryPoint\",\"urlTemplate\":\"https:\/\/jetrik.com\/?s={search_term_string}\"},\"query-input\":{\"@type\":\"PropertyValueSpecification\",\"valueRequired\":true,\"valueName\":\"search_term_string\"}}],\"inLanguage\":\"tr\"}]}<\/script>\n<!-- \/ Yoast SEO plugin. -->","yoast_head_json":{"title":"Gizlilik Politikas\u0131 - Jetrik","robots":{"index":"index","follow":"follow","max-snippet":"max-snippet:-1","max-image-preview":"max-image-preview:large","max-video-preview":"max-video-preview:-1"},"canonical":"https:\/\/jetrik.com\/tr\/privacy\/","og_locale":"tr_TR","og_type":"article","og_title":"Gizlilik Politikas\u0131 - Jetrik","og_description":"Gizlilik Politikas\u0131 L\u00fctfen Jetrik lisanlar\u0131n\u0131, \u00fcr\u00fcnlerini, hizmetlerini, servislerini, mobil uygulamalar\u0131n\u0131 ve web sitesini kullanmadan \u00f6nce mutlaka Jetrik Kullan\u0131m \u015eartlar\u0131 ve Gizlilik Politikas\u0131n\u0131 dikkatlice okuyun. Herhangi bir lisans\u0131m\u0131z\u0131, \u00fcr\u00fcn\u00fcm\u00fcz\u00fc, hizmetimizi, servisimizi, mobil uygulamam\u0131z\u0131 ve web sitemizi kullanmaya ba\u015flad\u0131\u011f\u0131n\u0131zda her iki dok\u00fcmanda da bulunan t\u00fcm \u015fartlar\u0131 ve politikalar\u0131 kabul etmi\u015f olursunuz. Jetrik kullan\u0131m \u015fartlar\u0131n\u0131 ve gizlilik politikalar\u0131n\u0131...","og_url":"https:\/\/jetrik.com\/tr\/privacy\/","og_site_name":"Jetrik","article_publisher":"https:\/\/www.facebook.com\/jetrikcom","article_modified_time":"2022-04-18T13:37:45+00:00","twitter_card":"summary_large_image","twitter_misc":{"Tahmini okuma s\u00fcresi":"4 dakika"},"schema":{"@context":"https:\/\/schema.org","@graph":[{"@type":"WebPage","@id":"https:\/\/jetrik.com\/tr\/privacy\/","url":"https:\/\/jetrik.com\/tr\/privacy\/","name":"Gizlilik Politikas\u0131 - Jetrik","isPartOf":{"@id":"https:\/\/jetrik.com\/#website"},"datePublished":"2022-04-18T08:09:12+00:00","dateModified":"2022-04-18T13:37:45+00:00","inLanguage":"tr","potentialAction":[{"@type":"ReadAction","target":["https:\/\/jetrik.com\/tr\/privacy\/"]}]},{"@type":"WebSite","@id":"https:\/\/jetrik.com\/#website","url":"https:\/\/jetrik.com\/","name":"Jetrik - Elevate your service, simplify your success","description":"","potentialAction":[{"@type":"SearchAction","target":{"@type":"EntryPoint","urlTemplate":"https:\/\/jetrik.com\/?s={search_term_string}"},"query-input":{"@type":"PropertyValueSpecification","valueRequired":true,"valueName":"search_term_string"}}],"inLanguage":"tr"}]}},"_links":{"self":[{"href":"https:\/\/jetrik.com\/tr\/wp-json\/wp\/v2\/pages\/13786","targetHints":{"allow":["GET"]}}],"collection":[{"href":"https:\/\/jetrik.com\/tr\/wp-json\/wp\/v2\/pages"}],"about":[{"href":"https:\/\/jetrik.com\/tr\/wp-json\/wp\/v2\/types\/page"}],"author":[{"embeddable":true,"href":"https:\/\/jetrik.com\/tr\/wp-json\/wp\/v2\/users\/1"}],"replies":[{"embeddable":true,"href":"https:\/\/jetrik.com\/tr\/wp-json\/wp\/v2\/comments?post=13786"}],"version-history":[{"count":4,"href":"https:\/\/jetrik.com\/tr\/wp-json\/wp\/v2\/pages\/13786\/revisions"}],"predecessor-version":[{"id":13793,"href":"https:\/\/jetrik.com\/tr\/wp-json\/wp\/v2\/pages\/13786\/revisions\/13793"}],"wp:attachment":[{"href":"https:\/\/jetrik.com\/tr\/wp-json\/wp\/v2\/media?parent=13786"}],"curies":[{"name":"wp","href":"https:\/\/api.w.org\/{rel}","templated":true}]}}