{"id":13522,"date":"2022-03-21T10:15:28","date_gmt":"2022-03-21T10:15:28","guid":{"rendered":"http:\/\/jetrik.com\/contact-us\/"},"modified":"2024-03-13T10:44:52","modified_gmt":"2024-03-13T10:44:52","slug":"iletisim","status":"publish","type":"page","link":"https:\/\/jetrik.com\/tr\/iletisim\/","title":{"rendered":"\u0130leti\u015fim"},"content":{"rendered":"<section class=\"l-section wpb_row us_custom_3b745cf9 height_medium\"><div class=\"l-section-h i-cf\"><div class=\"g-cols vc_row via_grid cols_2 laptops-cols_inherit tablets-cols_inherit mobiles-cols_1 valign_top type_default stacking_default\" style=\"--gap:calc(3rem + 10px);\"><div class=\"wpb_column vc_column_container\"><div class=\"vc_column-inner\"><div class=\"g-cols wpb_row us_custom_2c4f4a12 via_grid cols_1 laptops-cols_inherit tablets-cols_inherit mobiles-cols_1 valign_top type_default stacking_default\" style=\"--gap:3rem;\"><div class=\"wpb_column vc_column_container\"><div class=\"vc_column-inner\"><div class=\"wpb_text_column\"><div class=\"wpb_wrapper\"><h4><strong>USA Ofis<\/strong><\/h4>\n<\/div><\/div><div class=\"w-separator size_custom\" style=\"height:1rem\"><\/div><div class=\"w-iconbox iconpos_left style_default color_custom align_left no_text\"><div class=\"w-iconbox-icon\" style=\"font-size:20px;--icon-color:var(--color-header-middle-text);\"><i class=\"fal fa-map-marker-alt\"><\/i><\/div><div class=\"w-iconbox-meta\"><h6 class=\"w-iconbox-title\">1141 E. Main, Suite 301 Batesville, AR 72501<\/h6><\/div><\/div><div class=\"w-separator size_custom\" style=\"height:1rem\"><\/div><div class=\"w-iconbox iconpos_left style_default color_custom align_left no_text\"><div class=\"w-iconbox-icon\" style=\"font-size:20px;--icon-color:var(--color-header-middle-text);\"><i class=\"fal fa-phone\"><\/i><\/div><div class=\"w-iconbox-meta\"><h6 class=\"w-iconbox-title\">+1 (870) 834 9753<\/h6><\/div><\/div><div class=\"w-separator size_custom\" style=\"height:1rem\"><\/div><div class=\"w-iconbox iconpos_left style_default color_custom align_left no_text\"><a href=\"mailto:info@example.com\" class=\"w-iconbox-link\" aria-label=\"support@jetrik.com\"><div class=\"w-iconbox-icon\" style=\"font-size:20px;--icon-color:var(--color-header-middle-text);\"><i class=\"fal fa-envelope\"><\/i><\/div><\/a><div class=\"w-iconbox-meta\"><a href=\"mailto:info@example.com\" class=\"w-iconbox-link\" aria-label=\"support@jetrik.com\"><h6 class=\"w-iconbox-title\">support@jetrik.com<\/h6><\/a><\/div><\/div><\/div><\/div><\/div><div class=\"w-separator size_medium with_line width_default thick_1 style_solid color_border align_center\"><div class=\"w-separator-h\"><\/div><\/div><div class=\"g-cols wpb_row us_custom_2c4f4a12 via_grid cols_1 laptops-cols_inherit tablets-cols_inherit mobiles-cols_1 valign_top type_default stacking_default\" style=\"--gap:3rem;\"><div class=\"wpb_column vc_column_container\"><div class=\"vc_column-inner\"><div class=\"wpb_text_column\"><div class=\"wpb_wrapper\"><h4><strong>TR Ofis<\/strong><\/h4>\n<\/div><\/div><div class=\"w-separator size_custom\" style=\"height:1rem\"><\/div><div class=\"w-iconbox iconpos_left style_default color_custom align_left no_text\"><div class=\"w-iconbox-icon\" style=\"font-size:20px;--icon-color:var(--color-header-middle-text);\"><i class=\"fal fa-map-marker-alt\"><\/i><\/div><div class=\"w-iconbox-meta\"><h6 class=\"w-iconbox-title\">Bah\u00e7elievler Mahallesi Mehmet\u00e7ik Sokak No:1-B01 Kat Plaza Kat:3 Ofis 305, 34180 Bah\u00e7elievler \/ \u0130stanbul \u2013 Turkey<\/h6><\/div><\/div><div class=\"w-separator size_custom\" style=\"height:1rem\"><\/div><div class=\"w-iconbox iconpos_left style_default color_custom align_left no_text\"><div class=\"w-iconbox-icon\" style=\"font-size:20px;--icon-color:var(--color-header-middle-text);\"><i class=\"fal fa-phone\"><\/i><\/div><div class=\"w-iconbox-meta\"><h6 class=\"w-iconbox-title\">+90 212 252 0634<\/h6><\/div><\/div><div class=\"w-separator size_custom\" style=\"height:1rem\"><\/div><\/div><\/div><\/div><div class=\"w-separator size_medium with_line width_default thick_1 style_solid color_border align_center\"><div class=\"w-separator-h\"><\/div><\/div><div class=\"g-cols wpb_row us_custom_2c4f4a12 via_grid cols_1 laptops-cols_inherit tablets-cols_inherit mobiles-cols_1 valign_top type_default stacking_default\" style=\"--gap:3rem;\"><div class=\"wpb_column vc_column_container\"><div class=\"vc_column-inner\"><div class=\"wpb_text_column\"><div class=\"wpb_wrapper\"><h4><strong>Sosyal Medya<\/strong><\/h4>\n<\/div><\/div><div class=\"w-separator size_custom\" style=\"height:1rem\"><\/div><div class=\"w-socials color_brand shape_circle style_outlined hover_fade\" style=\"--gap:0.1em;\"><div class=\"w-socials-list\"><div class=\"w-socials-item instagram\"><a target=\"_blank\" rel=\"nofollow\" href=\"https:\/\/www.instagram.com\/jetrikcom\/\" class=\"w-socials-item-link\" title=\"Instagram\" aria-label=\"Instagram\"><span class=\"w-socials-item-link-hover\"><\/span><i class=\"fab fa-instagram\"><\/i><\/a><div class=\"w-socials-item-popup\"><span>Instagram<\/span><\/div><\/div><div class=\"w-socials-item twitter\"><a target=\"_blank\" rel=\"nofollow\" href=\"https:\/\/twitter.com\/jetrikcom\" class=\"w-socials-item-link\" title=\"Twitter\" aria-label=\"Twitter\"><span class=\"w-socials-item-link-hover\"><\/span><i class=\"fab fa-x-twitter\"><svg style=\"width:1em; margin-bottom:-.1em;\" xmlns=\"http:\/\/www.w3.org\/2000\/svg\" viewBox=\"0 0 512 512\"><path fill=\"currentColor\" d=\"M389.2 48h70.6L305.6 224.2 487 464H345L233.7 318.6 106.5 464H35.8L200.7 275.5 26.8 48H172.4L272.9 180.9 389.2 48zM364.4 421.8h39.1L151.1 88h-42L364.4 421.8z\"\/><\/svg><\/i><\/a><div class=\"w-socials-item-popup\"><span>Twitter<\/span><\/div><\/div><\/div><\/div><\/div><\/div><\/div><\/div><\/div><div class=\"wpb_column vc_column_container\"><div class=\"vc_column-inner\"><div class=\"g-cols wpb_row us_custom_fdec9be3 via_grid cols_1 laptops-cols_inherit tablets-cols_inherit mobiles-cols_1 valign_top type_default stacking_default\" style=\"--gap:3rem;\"><div class=\"wpb_column vc_column_container us_custom_1153e2dc\"><div class=\"vc_column-inner\"><div class=\"wpb_text_column\"><div class=\"wpb_wrapper\"><h3 style=\"text-align: center;\">Mesaj G\u00f6nder<\/h3>\n<\/div><\/div><div class=\"w-separator size_custom\" style=\"height:1rem\"><\/div><script type=\"text\/javascript\">var gform;gform||(document.addEventListener(\"gform_main_scripts_loaded\",function(){gform.scriptsLoaded=!0}),window.addEventListener(\"DOMContentLoaded\",function(){gform.domLoaded=!0}),gform={domLoaded:!1,scriptsLoaded:!1,initializeOnLoaded:function(o){gform.domLoaded&&gform.scriptsLoaded?o():!gform.domLoaded&&gform.scriptsLoaded?window.addEventListener(\"DOMContentLoaded\",o):document.addEventListener(\"gform_main_scripts_loaded\",o)},hooks:{action:{},filter:{}},addAction:function(o,n,r,t){gform.addHook(\"action\",o,n,r,t)},addFilter:function(o,n,r,t){gform.addHook(\"filter\",o,n,r,t)},doAction:function(o){gform.doHook(\"action\",o,arguments)},applyFilters:function(o){return gform.doHook(\"filter\",o,arguments)},removeAction:function(o,n){gform.removeHook(\"action\",o,n)},removeFilter:function(o,n,r){gform.removeHook(\"filter\",o,n,r)},addHook:function(o,n,r,t,i){null==gform.hooks[o][n]&&(gform.hooks[o][n]=[]);var e=gform.hooks[o][n];null==i&&(i=n+\"_\"+e.length),gform.hooks[o][n].push({tag:i,callable:r,priority:t=null==t?10:t})},doHook:function(n,o,r){var t;if(r=Array.prototype.slice.call(r,1),null!=gform.hooks[n][o]&&((o=gform.hooks[n][o]).sort(function(o,n){return o.priority-n.priority}),o.forEach(function(o){\"function\"!=typeof(t=o.callable)&&(t=window[t]),\"action\"==n?t.apply(null,r):r[0]=t.apply(null,r)})),\"filter\"==n)return r[0]},removeHook:function(o,n,t,i){var r;null!=gform.hooks[o][n]&&(r=(r=gform.hooks[o][n]).filter(function(o,n,r){return!!(null!=i&&i!=o.tag||null!=t&&t!=o.priority)}),gform.hooks[o][n]=r)}});<\/script>\n                <div class='gf_browser_gecko gform_wrapper gravity-theme gform-theme--no-framework' data-form-theme='gravity-theme' data-form-index='0' id='gform_wrapper_44' ><form method='post' enctype='multipart\/form-data'  id='gform_44'  action='\/tr\/wp-json\/wp\/v2\/pages\/13522' data-formid='44' novalidate><div class='gf_invisible ginput_recaptchav3' data-sitekey='6Ld1wm0qAAAAAAETKJuPyOESYdj1Rx600N-24fyM' data-tabindex='0'><input id=\"input_d583efc4ec3172d130e55839020a9fb3\" class=\"gfield_recaptcha_response\" type=\"hidden\" name=\"input_d583efc4ec3172d130e55839020a9fb3\" value=\"\"\/><\/div>\n                        <div class='gform-body gform_body'><div id='gform_fields_44' class='gform_fields top_label form_sublabel_below description_below validation_below'><div id=\"field_44_24\" class=\"gfield gfield--type-text gfield--input-type-text gfield--width-full gfield_contains_required field_sublabel_below gfield--no-description field_description_below hidden_label field_validation_below gfield_visibility_visible\"  data-js-reload=\"field_44_24\" ><label class='gfield_label gform-field-label' for='input_44_24'>\u0130sim \/ Soyisim<span class=\"gfield_required\"><span class=\"gfield_required gfield_required_text\">(Gerekli)<\/span><\/span><\/label><div class='ginput_container ginput_container_text'><input name='input_24' id='input_44_24' type='text' value='' class='large'    placeholder='\u0130sim \/ Soyisim' aria-required=\"true\" aria-invalid=\"false\"   \/> <\/div><\/div><div id=\"field_44_14\" class=\"gfield gfield--type-email gfield--input-type-email gfield--width-full gf_left_half gfield--width-half gfield_contains_required field_sublabel_below gfield--no-description field_description_below hidden_label field_validation_below gfield_visibility_visible\"  data-js-reload=\"field_44_14\" ><label class='gfield_label gform-field-label' for='input_44_14'>E-posta<span class=\"gfield_required\"><span class=\"gfield_required gfield_required_text\">(Gerekli)<\/span><\/span><\/label><div class='ginput_container ginput_container_email'>\n                            <input name='input_14' id='input_44_14' type='email' value='' class='large'   placeholder='E-posta' aria-required=\"true\" aria-invalid=\"false\"  \/>\n                        <\/div><\/div><div id=\"field_44_23\" class=\"gfield gfield--type-text gfield--input-type-text gfield--width-full gf_left_half gfield--width-half field_sublabel_below gfield--no-description field_description_below field_validation_below gfield_visibility_visible\"  data-js-reload=\"field_44_23\" ><label class='gfield_label gform-field-label screen-reader-text' for='input_44_23'>\u00dclke<\/label><div class='ginput_container ginput_container_text'><input name='input_23' id='input_44_23' type='text' value='' class='large'    placeholder='\u00dclke'  aria-invalid=\"false\"   \/> <\/div><\/div><div id=\"field_44_20\" class=\"gfield gfield--type-textarea gfield--input-type-textarea gfield--width-full field_sublabel_below gfield--no-description field_description_below hidden_label field_validation_below gfield_visibility_visible\"  data-js-reload=\"field_44_20\" ><label class='gfield_label gform-field-label' for='input_44_20'>Mesaj\u0131n\u0131z<\/label><div class='ginput_container ginput_container_textarea'><textarea name='input_20' id='input_44_20' class='textarea large'    placeholder='Mesaj\u0131n\u0131z'  aria-invalid=\"false\"   rows='10' cols='50'><\/textarea><\/div><\/div><div id=\"field_44_19\" class=\"gfield gfield--type-section gfield--input-type-section gsection field_sublabel_below gfield--no-description field_description_below field_validation_below gfield_visibility_visible\"  data-js-reload=\"field_44_19\" ><h3 class=\"gsection_title\"><\/h3><\/div><div id=\"field_44_25\" class=\"gfield gfield--type-captcha gfield--input-type-captcha field_sublabel_below gfield--no-description field_description_below field_validation_below gfield_visibility_visible\"  data-js-reload=\"field_44_25\" ><label class='gfield_label gform-field-label' for='input_44_25'>CAPTCHA<\/label><div id='input_44_25' class='ginput_container ginput_recaptcha' data-sitekey='6LfUn2wqAAAAALLfK6jcLeyz-Z7PEITICU-eHLCE'  data-theme='light' data-tabindex='0'  data-badge=''><\/div><\/div><\/div><\/div>\n        <div class='gform_footer top_label'> <input type='submit' id='gform_submit_button_44' class='gform_button button' value='G\u00f6nder'  onclick='if(window[\"gf_submitting_44\"]){return false;}  if( !jQuery(\"#gform_44\")[0].checkValidity || jQuery(\"#gform_44\")[0].checkValidity()){window[\"gf_submitting_44\"]=true;}  ' onkeypress='if( event.keyCode == 13 ){ if(window[\"gf_submitting_44\"]){return false;} if( !jQuery(\"#gform_44\")[0].checkValidity || jQuery(\"#gform_44\")[0].checkValidity()){window[\"gf_submitting_44\"]=true;}  jQuery(\"#gform_44\").trigger(\"submit\",[true]); }' \/> \n            <input type='hidden' class='gform_hidden' name='is_submit_44' value='1' \/>\n            <input type='hidden' class='gform_hidden' name='gform_submit' value='44' \/>\n            \n            <input type='hidden' class='gform_hidden' name='gform_unique_id' value='' \/>\n            <input type='hidden' class='gform_hidden' name='state_44' value='WyJbXSIsIjE0ZjBkYzMxNWU3OGU1YTRiMTZkMTgzMzg3YzM3MTUwIl0=' \/>\n            <input type='hidden' class='gform_hidden' name='gform_target_page_number_44' id='gform_target_page_number_44' value='0' \/>\n            <input type='hidden' class='gform_hidden' name='gform_source_page_number_44' id='gform_source_page_number_44' value='1' \/>\n            <input type='hidden' name='gform_field_values' value='' \/>\n            \n        <\/div>\n                        <\/form>\n                        <\/div><script>\ngform.initializeOnLoaded( function() {gformInitSpinner( 44, 'https:\/\/jetrik.com\/wp-content\/plugins\/gravityforms\/images\/spinner.svg', true );jQuery('#gform_ajax_frame_44').on('load',function(){var contents = jQuery(this).contents().find('*').html();var is_postback = contents.indexOf('GF_AJAX_POSTBACK') >= 0;if(!is_postback){return;}var form_content = jQuery(this).contents().find('#gform_wrapper_44');var is_confirmation = jQuery(this).contents().find('#gform_confirmation_wrapper_44').length > 0;var is_redirect = contents.indexOf('gformRedirect(){') >= 0;var is_form = form_content.length > 0 && ! is_redirect && ! is_confirmation;var mt = parseInt(jQuery('html').css('margin-top'), 10) + parseInt(jQuery('body').css('margin-top'), 10) + 100;if(is_form){jQuery('#gform_wrapper_44').html(form_content.html());if(form_content.hasClass('gform_validation_error')){jQuery('#gform_wrapper_44').addClass('gform_validation_error');} else {jQuery('#gform_wrapper_44').removeClass('gform_validation_error');}setTimeout( function() { \/* delay the scroll by 50 milliseconds to fix a bug in chrome *\/  }, 50 );if(window['gformInitDatepicker']) {gformInitDatepicker();}if(window['gformInitPriceFields']) {gformInitPriceFields();}var current_page = jQuery('#gform_source_page_number_44').val();gformInitSpinner( 44, 'https:\/\/jetrik.com\/wp-content\/plugins\/gravityforms\/images\/spinner.svg', true );jQuery(document).trigger('gform_page_loaded', [44, current_page]);window['gf_submitting_44'] = false;}else if(!is_redirect){var confirmation_content = jQuery(this).contents().find('.GF_AJAX_POSTBACK').html();if(!confirmation_content){confirmation_content = contents;}jQuery('#gform_wrapper_44').replaceWith(confirmation_content);jQuery(document).trigger('gform_confirmation_loaded', [44]);window['gf_submitting_44'] = false;wp.a11y.speak(jQuery('#gform_confirmation_message_44').text());}else{jQuery('#gform_44').append(contents);if(window['gformRedirect']) {gformRedirect();}}jQuery(document).trigger(\"gform_pre_post_render\", [{ formId: \"44\", currentPage: \"current_page\", abort: function() { this.preventDefault(); } }]);                if (event && event.defaultPrevented) {                return;         }        const gformWrapperDiv = document.getElementById( \"gform_wrapper_44\" );        if ( gformWrapperDiv ) {            const visibilitySpan = document.createElement( \"span\" );            visibilitySpan.id = \"gform_visibility_test_44\";            gformWrapperDiv.insertAdjacentElement( \"afterend\", visibilitySpan );        }        const visibilityTestDiv = document.getElementById( \"gform_visibility_test_44\" );        let postRenderFired = false;                function triggerPostRender() {            if ( postRenderFired ) {                return;            }            postRenderFired = true;            jQuery( document ).trigger( 'gform_post_render', [44, current_page] );            gform.utils.trigger( { event: 'gform\/postRender', native: false, data: { formId: 44, currentPage: current_page } } );            if ( visibilityTestDiv ) {                visibilityTestDiv.parentNode.removeChild( visibilityTestDiv );            }        }        function debounce( func, wait, immediate ) {            var timeout;            return function() {                var context = this, args = arguments;                var later = function() {                    timeout = null;                    if ( !immediate ) func.apply( context, args );                };                var callNow = immediate && !timeout;                clearTimeout( timeout );                timeout = setTimeout( later, wait );                if ( callNow ) func.apply( context, args );            };        }        const debouncedTriggerPostRender = debounce( function() {            triggerPostRender();        }, 200 );        if ( visibilityTestDiv && visibilityTestDiv.offsetParent === null ) {            const observer = new MutationObserver( ( mutations ) => {                mutations.forEach( ( mutation ) => {                    if ( mutation.type === 'attributes' && visibilityTestDiv.offsetParent !== null ) {                        debouncedTriggerPostRender();                        observer.disconnect();                    }                });            });            observer.observe( document.body, {                attributes: true,                childList: false,                subtree: true,                attributeFilter: [ 'style', 'class' ],            });        } else {            triggerPostRender();        }    } );} );\n<\/script>\n<\/div><\/div><\/div><\/div><\/div><\/div><\/div><\/section>\n","protected":false},"excerpt":{"rendered":"USA Ofis 1141 E. Main, Suite 301 Batesville, AR 72501+1 (870) 834 9753support@jetrik.comTR Ofis Bah\u00e7elievler Mahallesi Mehmet\u00e7ik Sokak No:1-B01 Kat Plaza Kat:3 Ofis 305, 34180 Bah\u00e7elievler \/ \u0130stanbul \u2013 Turkey+90 212 252 0634Sosyal Medya InstagramTwitterMesaj G\u00f6nder \u0130sim \/ Soyisim(Gerekli) E-posta(Gerekli) \u00dclke Mesaj\u0131n\u0131zCAPTCHA","protected":false},"author":2,"featured_media":0,"parent":0,"menu_order":0,"comment_status":"closed","ping_status":"closed","template":"","meta":{"_acf_changed":false,"footnotes":""},"class_list":["post-13522","page","type-page","status-publish","hentry"],"acf":[],"yoast_head":"<!-- This site is optimized with the Yoast SEO plugin v24.0 - https:\/\/yoast.com\/wordpress\/plugins\/seo\/ -->\n<title>\u0130leti\u015fim - Jetrik<\/title>\n<meta name=\"robots\" content=\"index, follow, max-snippet:-1, max-image-preview:large, max-video-preview:-1\" \/>\n<link rel=\"canonical\" href=\"https:\/\/jetrik.com\/tr\/iletisim\/\" \/>\n<meta property=\"og:locale\" content=\"tr_TR\" \/>\n<meta property=\"og:type\" content=\"article\" \/>\n<meta property=\"og:title\" content=\"\u0130leti\u015fim - Jetrik\" \/>\n<meta property=\"og:url\" content=\"https:\/\/jetrik.com\/tr\/iletisim\/\" \/>\n<meta property=\"og:site_name\" content=\"Jetrik\" \/>\n<meta property=\"article:publisher\" content=\"https:\/\/www.facebook.com\/jetrikcom\" \/>\n<meta property=\"article:modified_time\" content=\"2024-03-13T10:44:52+00:00\" \/>\n<meta name=\"twitter:card\" content=\"summary_large_image\" \/>\n<meta name=\"twitter:label1\" content=\"Tahmini okuma s\u00fcresi\" \/>\n\t<meta name=\"twitter:data1\" content=\"1 dakika\" \/>\n<script type=\"application\/ld+json\" class=\"yoast-schema-graph\">{\"@context\":\"https:\/\/schema.org\",\"@graph\":[{\"@type\":\"WebPage\",\"@id\":\"https:\/\/jetrik.com\/tr\/iletisim\/\",\"url\":\"https:\/\/jetrik.com\/tr\/iletisim\/\",\"name\":\"\u0130leti\u015fim - Jetrik\",\"isPartOf\":{\"@id\":\"https:\/\/jetrik.com\/#website\"},\"datePublished\":\"2022-03-21T10:15:28+00:00\",\"dateModified\":\"2024-03-13T10:44:52+00:00\",\"inLanguage\":\"tr\",\"potentialAction\":[{\"@type\":\"ReadAction\",\"target\":[\"https:\/\/jetrik.com\/tr\/iletisim\/\"]}]},{\"@type\":\"WebSite\",\"@id\":\"https:\/\/jetrik.com\/#website\",\"url\":\"https:\/\/jetrik.com\/\",\"name\":\"Jetrik - Elevate your service, simplify your success\",\"description\":\"\",\"potentialAction\":[{\"@type\":\"SearchAction\",\"target\":{\"@type\":\"EntryPoint\",\"urlTemplate\":\"https:\/\/jetrik.com\/?s={search_term_string}\"},\"query-input\":{\"@type\":\"PropertyValueSpecification\",\"valueRequired\":true,\"valueName\":\"search_term_string\"}}],\"inLanguage\":\"tr\"}]}<\/script>\n<!-- \/ Yoast SEO plugin. -->","yoast_head_json":{"title":"\u0130leti\u015fim - Jetrik","robots":{"index":"index","follow":"follow","max-snippet":"max-snippet:-1","max-image-preview":"max-image-preview:large","max-video-preview":"max-video-preview:-1"},"canonical":"https:\/\/jetrik.com\/tr\/iletisim\/","og_locale":"tr_TR","og_type":"article","og_title":"\u0130leti\u015fim - Jetrik","og_url":"https:\/\/jetrik.com\/tr\/iletisim\/","og_site_name":"Jetrik","article_publisher":"https:\/\/www.facebook.com\/jetrikcom","article_modified_time":"2024-03-13T10:44:52+00:00","twitter_card":"summary_large_image","twitter_misc":{"Tahmini okuma s\u00fcresi":"1 dakika"},"schema":{"@context":"https:\/\/schema.org","@graph":[{"@type":"WebPage","@id":"https:\/\/jetrik.com\/tr\/iletisim\/","url":"https:\/\/jetrik.com\/tr\/iletisim\/","name":"\u0130leti\u015fim - Jetrik","isPartOf":{"@id":"https:\/\/jetrik.com\/#website"},"datePublished":"2022-03-21T10:15:28+00:00","dateModified":"2024-03-13T10:44:52+00:00","inLanguage":"tr","potentialAction":[{"@type":"ReadAction","target":["https:\/\/jetrik.com\/tr\/iletisim\/"]}]},{"@type":"WebSite","@id":"https:\/\/jetrik.com\/#website","url":"https:\/\/jetrik.com\/","name":"Jetrik - Elevate your service, simplify your success","description":"","potentialAction":[{"@type":"SearchAction","target":{"@type":"EntryPoint","urlTemplate":"https:\/\/jetrik.com\/?s={search_term_string}"},"query-input":{"@type":"PropertyValueSpecification","valueRequired":true,"valueName":"search_term_string"}}],"inLanguage":"tr"}]}},"_links":{"self":[{"href":"https:\/\/jetrik.com\/tr\/wp-json\/wp\/v2\/pages\/13522","targetHints":{"allow":["GET"]}}],"collection":[{"href":"https:\/\/jetrik.com\/tr\/wp-json\/wp\/v2\/pages"}],"about":[{"href":"https:\/\/jetrik.com\/tr\/wp-json\/wp\/v2\/types\/page"}],"author":[{"embeddable":true,"href":"https:\/\/jetrik.com\/tr\/wp-json\/wp\/v2\/users\/2"}],"replies":[{"embeddable":true,"href":"https:\/\/jetrik.com\/tr\/wp-json\/wp\/v2\/comments?post=13522"}],"version-history":[{"count":13,"href":"https:\/\/jetrik.com\/tr\/wp-json\/wp\/v2\/pages\/13522\/revisions"}],"predecessor-version":[{"id":14051,"href":"https:\/\/jetrik.com\/tr\/wp-json\/wp\/v2\/pages\/13522\/revisions\/14051"}],"wp:attachment":[{"href":"https:\/\/jetrik.com\/tr\/wp-json\/wp\/v2\/media?parent=13522"}],"curies":[{"name":"wp","href":"https:\/\/api.w.org\/{rel}","templated":true}]}}