{"id":13311,"date":"2022-03-07T11:52:46","date_gmt":"2022-03-07T11:52:46","guid":{"rendered":"http:\/\/jetrik.com\/integrations\/"},"modified":"2022-05-23T11:10:39","modified_gmt":"2022-05-23T11:10:39","slug":"entegrasyonlar","status":"publish","type":"page","link":"https:\/\/jetrik.com\/tr\/entegrasyonlar\/","title":{"rendered":"Entegrasyonlar"},"content":{"rendered":"<section class=\"l-section wpb_row height_auto\"><div class=\"l-section-h i-cf\"><div class=\"g-cols vc_row via_grid cols_1 laptops-cols_inherit tablets-cols_inherit mobiles-cols_1 valign_top type_default stacking_default\"><div class=\"wpb_column vc_column_container\"><div class=\"vc_column-inner\"><div class=\"w-separator size_medium\"><\/div><div class=\"g-cols wpb_row via_grid cols_1 laptops-cols_inherit tablets-cols_inherit mobiles-cols_1 valign_top type_default stacking_default\" style=\"--gap:3rem;\"><div class=\"wpb_column vc_column_container\"><div class=\"vc_column-inner\"><div class=\"wpb_text_column\"><div class=\"wpb_wrapper\"><h1 class=\"center\" style=\"text-align: center;\">Jetrik Entegrasyonlar<\/h1>\n<\/div><\/div><div class=\"w-separator size_medium\"><\/div><\/div><\/div><\/div><div class=\"g-cols wpb_row via_grid cols_3 laptops-cols_inherit tablets-cols_inherit mobiles-cols_1 valign_top type_default stacking_default\" style=\"--gap:3rem;\"><div class=\"wpb_column vc_column_container us_custom_bab69a02 has_bg_color\"><div class=\"vc_column-inner\"><div class=\"w-image align_center\"><div class=\"w-image-h\"><img decoding=\"async\" width=\"250\" height=\"50\" src=\"https:\/\/jetrik.com\/wp-content\/uploads\/globalpayment-logo-350px.png\" class=\"attachment-us_250_0_crop size-us_250_0_crop\" alt=\"\" loading=\"lazy\" srcset=\"https:\/\/jetrik.com\/wp-content\/uploads\/globalpayment-logo-350px.png 250w, https:\/\/jetrik.com\/wp-content\/uploads\/globalpayment-logo-350px-100x20.png 100w, https:\/\/jetrik.com\/wp-content\/uploads\/globalpayment-logo-350px-200x40.png 200w\" sizes=\"auto, (max-width: 250px) 100vw, 250px\" \/><\/div><\/div><div class=\"wpb_text_column\"><div class=\"wpb_wrapper\"><p style=\"text-align: center;\"><span style=\"color: #e8e8e8;\">Preferred Partner<\/span><\/p>\n<\/div><\/div><div class=\"w-separator size_small with_line width_50 thick_1 style_solid color_border align_center\"><div class=\"w-separator-h\"><\/div><\/div><div class=\"wpb_text_column\"><div class=\"wpb_wrapper\"><h3 style=\"text-align: center;\"><strong>Global Payments<\/strong><\/h3>\n<\/div><\/div><div class=\"w-separator size_custom\" style=\"height:5px\"><\/div><div class=\"wpb_text_column\"><div class=\"wpb_wrapper\"><p style=\"text-align: center;\"><span style=\"color: #999999;\">ABD &#8211; KANADA<\/span><\/p>\n<\/div><\/div><div class=\"w-separator size_small with_line width_50 thick_1 style_solid color_border align_center\"><div class=\"w-separator-h\"><\/div><\/div><div class=\"wpb_text_column\"><div class=\"wpb_wrapper\"><p style=\"text-align: center;\"><span style=\"color: #999999;\">\u00d6deme Sistemleri \u00c7\u00f6z\u00fcm\u00fc<\/span><\/p>\n<\/div><\/div><div class=\"w-separator size_small\"><\/div><div class=\"wpb_text_column\"><div class=\"wpb_wrapper\"><p style=\"text-align: center;\">ABD ve Kanada&#8217;da bulunan Global Payment, 21. y\u00fczy\u0131lda k\u00fcresel ticaret i\u00e7in \u00f6demeleri destekleyen lider teknoloji sa\u011flay\u0131c\u0131s\u0131d\u0131r.<\/p>\n<\/div><\/div><\/div><\/div><div class=\"wpb_column vc_column_container us_custom_bab69a02 has_bg_color\"><div class=\"vc_column-inner\"><div class=\"w-image align_center\"><div class=\"w-image-h\"><img decoding=\"async\" width=\"250\" height=\"50\" src=\"https:\/\/jetrik.com\/wp-content\/uploads\/paymensense-logo-250px.png\" class=\"attachment-us_250_0_crop size-us_250_0_crop\" alt=\"\" loading=\"lazy\" srcset=\"https:\/\/jetrik.com\/wp-content\/uploads\/paymensense-logo-250px.png 250w, https:\/\/jetrik.com\/wp-content\/uploads\/paymensense-logo-250px-100x20.png 100w, https:\/\/jetrik.com\/wp-content\/uploads\/paymensense-logo-250px-200x40.png 200w\" sizes=\"auto, (max-width: 250px) 100vw, 250px\" \/><\/div><\/div><div class=\"wpb_text_column\"><div class=\"wpb_wrapper\"><p style=\"text-align: center;\"><span style=\"color: #e8e8e8;\">Preferred Partner<\/span><\/p>\n<\/div><\/div><div class=\"w-separator size_small with_line width_50 thick_1 style_solid color_border align_center\"><div class=\"w-separator-h\"><\/div><\/div><div class=\"wpb_text_column\"><div class=\"wpb_wrapper\"><h3 style=\"text-align: center;\"><strong>Payment Sense<\/strong><\/h3>\n<\/div><\/div><div class=\"w-separator size_custom\" style=\"height:5px\"><\/div><div class=\"wpb_text_column\"><div class=\"wpb_wrapper\"><p style=\"text-align: center;\"><span style=\"color: #999999;\">\u0130NG\u0130LTERE &#8211; \u0130RLANDA &#8211; \u0130SKO\u00c7YA<\/span><\/p>\n<\/div><\/div><div class=\"w-separator size_small with_line width_50 thick_1 style_solid color_border align_center\"><div class=\"w-separator-h\"><\/div><\/div><div class=\"wpb_text_column\"><div class=\"wpb_wrapper\"><p style=\"text-align: center;\"><span style=\"color: #999999;\">\u00d6deme Sistemleri \u00c7\u00f6z\u00fcm\u00fc<\/span><\/p>\n<\/div><\/div><div class=\"w-separator size_small\"><\/div><div class=\"wpb_text_column\"><div class=\"wpb_wrapper\"><p style=\"text-align: center;\">Payment Sense, Birle\u015fik Krall\u0131k, \u0130rlanda ve \u0130sko\u00e7ya&#8217;da bulunan tam PCI Onayl\u0131 Noktadan Noktaya \u015eifreleme (P2PE) ile t\u00fcm ticaret ekosistemi i\u00e7in geli\u015fmi\u015f bir \u00f6deme a\u011f ge\u00e7ididir.<\/p>\n<\/div><\/div><\/div><\/div><div class=\"wpb_column vc_column_container us_custom_bab69a02 has_bg_color\"><div class=\"vc_column-inner\"><div class=\"w-image align_center\"><div class=\"w-image-h\"><img decoding=\"async\" width=\"250\" height=\"50\" src=\"https:\/\/jetrik.com\/wp-content\/uploads\/ozan-logo-250px.png\" class=\"attachment-us_250_0_crop size-us_250_0_crop\" alt=\"\" loading=\"lazy\" srcset=\"https:\/\/jetrik.com\/wp-content\/uploads\/ozan-logo-250px.png 250w, https:\/\/jetrik.com\/wp-content\/uploads\/ozan-logo-250px-100x20.png 100w, https:\/\/jetrik.com\/wp-content\/uploads\/ozan-logo-250px-200x40.png 200w\" sizes=\"auto, (max-width: 250px) 100vw, 250px\" \/><\/div><\/div><div class=\"wpb_text_column\"><div class=\"wpb_wrapper\"><p style=\"text-align: center;\"><span style=\"color: #e8e8e8;\">Preferred Partner<\/span><\/p>\n<\/div><\/div><div class=\"w-separator size_small with_line width_50 thick_1 style_solid color_border align_center\"><div class=\"w-separator-h\"><\/div><\/div><div class=\"wpb_text_column\"><div class=\"wpb_wrapper\"><h3 style=\"text-align: center;\"><strong>Ozan Pay<\/strong><\/h3>\n<\/div><\/div><div class=\"w-separator size_custom\" style=\"height:5px\"><\/div><div class=\"wpb_text_column\"><div class=\"wpb_wrapper\"><p style=\"text-align: center;\"><span style=\"color: #999999;\">T\u00dcRK\u0130YE<\/span><\/p>\n<\/div><\/div><div class=\"w-separator size_small with_line width_50 thick_1 style_solid color_border align_center\"><div class=\"w-separator-h\"><\/div><\/div><div class=\"wpb_text_column\"><div class=\"wpb_wrapper\"><p style=\"text-align: center;\"><span style=\"color: #999999;\">\u00d6deme Sistemleri \u00c7\u00f6z\u00fcm\u00fc<\/span><\/p>\n<\/div><\/div><div class=\"w-separator size_small\"><\/div><div class=\"wpb_text_column\"><div class=\"wpb_wrapper\"><p style=\"text-align: center;\">Ozan Pay, sahip oldu\u011fu g\u00fc\u00e7l\u00fc altyap\u0131s\u0131 ile T\u00fcrkiye&#8217;de Sanal ve Fiziki POS hizmetinin en h\u0131zl\u0131 b\u00fcy\u00fcyen \u00fcyesidir.<\/p>\n<\/div><\/div><\/div><\/div><\/div><div class=\"w-separator size_medium\"><\/div><div class=\"g-cols wpb_row via_grid cols_3 laptops-cols_inherit tablets-cols_inherit mobiles-cols_1 valign_top type_default stacking_default\" style=\"--gap:3rem;\"><div class=\"wpb_column vc_column_container us_custom_bab69a02 has_bg_color\"><div class=\"vc_column-inner\"><div class=\"w-image align_center\"><div class=\"w-image-h\"><img decoding=\"async\" width=\"250\" height=\"50\" src=\"https:\/\/jetrik.com\/wp-content\/uploads\/SambaPOS-logo-250px.png\" class=\"attachment-us_250_0_crop size-us_250_0_crop\" alt=\"\" loading=\"lazy\" srcset=\"https:\/\/jetrik.com\/wp-content\/uploads\/SambaPOS-logo-250px.png 250w, https:\/\/jetrik.com\/wp-content\/uploads\/SambaPOS-logo-250px-100x20.png 100w, https:\/\/jetrik.com\/wp-content\/uploads\/SambaPOS-logo-250px-200x40.png 200w\" sizes=\"auto, (max-width: 250px) 100vw, 250px\" \/><\/div><\/div><div class=\"wpb_text_column\"><div class=\"wpb_wrapper\"><p style=\"text-align: center;\"><span style=\"color: #e8e8e8;\">Preferred Partner<\/span><\/p>\n<\/div><\/div><div class=\"w-separator size_small with_line width_50 thick_1 style_solid color_border align_center\"><div class=\"w-separator-h\"><\/div><\/div><div class=\"wpb_text_column\"><div class=\"wpb_wrapper\"><h3 style=\"text-align: center;\"><strong>SambaPOS<\/strong><\/h3>\n<\/div><\/div><div class=\"w-separator size_custom\" style=\"height:5px\"><\/div><div class=\"wpb_text_column\"><div class=\"wpb_wrapper\"><p style=\"text-align: center;\"><span style=\"color: #999999;\">D\u00dcNYA GENEL\u0130<\/span><\/p>\n<\/div><\/div><div class=\"w-separator size_small with_line width_50 thick_1 style_solid color_border align_center\"><div class=\"w-separator-h\"><\/div><\/div><div class=\"wpb_text_column\"><div class=\"wpb_wrapper\"><p style=\"text-align: center;\"><span style=\"color: #999999;\">Yak\u0131nda<br \/>\nRestoran Otomasyon \u00c7\u00f6z\u00fcm\u00fc<\/span><\/p>\n<\/div><\/div><div class=\"w-separator size_small\"><\/div><div class=\"wpb_text_column\"><div class=\"wpb_wrapper\"><p style=\"text-align: center;\">SambaPOS D\u00fcnyan\u0131n en kapsaml\u0131 ve ba\u015far\u0131l\u0131 Restoran Otomasyon \u00c7\u00f6z\u00fcmlerini sunar. D\u00fcnyada 123 farkl\u0131 \u00fclkede 150K den fazl restoran taraf\u0131ndan tercih edilmi\u015ftir.<\/p>\n<\/div><\/div><\/div><\/div><div class=\"wpb_column vc_column_container us_custom_bab69a02 has_bg_color\"><div class=\"vc_column-inner\"><div class=\"w-image align_center\"><div class=\"w-image-h\"><img decoding=\"async\" width=\"250\" height=\"50\" src=\"https:\/\/jetrik.com\/wp-content\/uploads\/wamo-logo-250px.png\" class=\"attachment-us_250_0_crop size-us_250_0_crop\" alt=\"\" loading=\"lazy\" srcset=\"https:\/\/jetrik.com\/wp-content\/uploads\/wamo-logo-250px.png 250w, https:\/\/jetrik.com\/wp-content\/uploads\/wamo-logo-250px-100x20.png 100w, https:\/\/jetrik.com\/wp-content\/uploads\/wamo-logo-250px-200x40.png 200w\" sizes=\"auto, (max-width: 250px) 100vw, 250px\" \/><\/div><\/div><div class=\"wpb_text_column\"><div class=\"wpb_wrapper\"><p style=\"text-align: center;\"><span style=\"color: #e8e8e8;\">Preferred Partner<\/span><\/p>\n<\/div><\/div><div class=\"w-separator size_small with_line width_50 thick_1 style_solid color_border align_center\"><div class=\"w-separator-h\"><\/div><\/div><div class=\"wpb_text_column\"><div class=\"wpb_wrapper\"><h3 style=\"text-align: center;\">Wamo<\/h3>\n<\/div><\/div><div class=\"w-separator size_custom\" style=\"height:5px\"><\/div><div class=\"wpb_text_column\"><div class=\"wpb_wrapper\"><p style=\"text-align: center;\"><span style=\"color: #999999;\">AB -\u0130NG\u0130LTERE &#8211; MALTA<\/span><\/p>\n<\/div><\/div><div class=\"w-separator size_small with_line width_50 thick_1 style_solid color_border align_center\"><div class=\"w-separator-h\"><\/div><\/div><div class=\"wpb_text_column\"><div class=\"wpb_wrapper\"><p style=\"text-align: center;\"><span style=\"color: #999999;\">Yak\u0131nda<br \/>\n\u00d6deme Sistemleri \u00c7\u00f6z\u00fcm\u00fc<\/span><\/p>\n<\/div><\/div><div class=\"w-separator size_small\"><\/div><\/div><\/div><\/div><div class=\"w-separator size_medium\"><\/div><\/div><\/div><\/div><\/div><\/section>\n","protected":false},"excerpt":{"rendered":"Jetrik Entegrasyonlar Preferred Partner Global Payments ABD &#8211; KANADA \u00d6deme Sistemleri \u00c7\u00f6z\u00fcm\u00fc ABD ve Kanada&#8217;da bulunan Global Payment, 21. y\u00fczy\u0131lda k\u00fcresel ticaret i\u00e7in \u00f6demeleri destekleyen lider teknoloji sa\u011flay\u0131c\u0131s\u0131d\u0131r. Preferred Partner Payment Sense \u0130NG\u0130LTERE &#8211; \u0130RLANDA &#8211; \u0130SKO\u00c7YA \u00d6deme Sistemleri \u00c7\u00f6z\u00fcm\u00fc Payment Sense, Birle\u015fik Krall\u0131k, \u0130rlanda ve \u0130sko\u00e7ya&#8217;da bulunan tam PCI Onayl\u0131 Noktadan Noktaya \u015eifreleme (P2PE)...","protected":false},"author":1,"featured_media":0,"parent":0,"menu_order":0,"comment_status":"closed","ping_status":"closed","template":"","meta":{"_acf_changed":false,"footnotes":""},"class_list":["post-13311","page","type-page","status-publish","hentry"],"acf":[],"yoast_head":"<!-- This site is optimized with the Yoast SEO plugin v24.0 - https:\/\/yoast.com\/wordpress\/plugins\/seo\/ -->\n<title>Entegrasyonlar - Jetrik<\/title>\n<meta name=\"robots\" content=\"index, follow, max-snippet:-1, max-image-preview:large, max-video-preview:-1\" \/>\n<link rel=\"canonical\" href=\"https:\/\/jetrik.com\/tr\/entegrasyonlar\/\" \/>\n<meta property=\"og:locale\" content=\"tr_TR\" \/>\n<meta property=\"og:type\" content=\"article\" \/>\n<meta property=\"og:title\" content=\"Entegrasyonlar - Jetrik\" \/>\n<meta property=\"og:url\" content=\"https:\/\/jetrik.com\/tr\/entegrasyonlar\/\" \/>\n<meta property=\"og:site_name\" content=\"Jetrik\" \/>\n<meta property=\"article:publisher\" content=\"https:\/\/www.facebook.com\/jetrikcom\" \/>\n<meta property=\"article:modified_time\" content=\"2022-05-23T11:10:39+00:00\" \/>\n<meta name=\"twitter:card\" content=\"summary_large_image\" \/>\n<meta name=\"twitter:label1\" content=\"Tahmini okuma s\u00fcresi\" \/>\n\t<meta name=\"twitter:data1\" content=\"2 dakika\" \/>\n<script type=\"application\/ld+json\" class=\"yoast-schema-graph\">{\"@context\":\"https:\/\/schema.org\",\"@graph\":[{\"@type\":\"WebPage\",\"@id\":\"https:\/\/jetrik.com\/tr\/entegrasyonlar\/\",\"url\":\"https:\/\/jetrik.com\/tr\/entegrasyonlar\/\",\"name\":\"Entegrasyonlar - Jetrik\",\"isPartOf\":{\"@id\":\"https:\/\/jetrik.com\/#website\"},\"datePublished\":\"2022-03-07T11:52:46+00:00\",\"dateModified\":\"2022-05-23T11:10:39+00:00\",\"inLanguage\":\"tr\",\"potentialAction\":[{\"@type\":\"ReadAction\",\"target\":[\"https:\/\/jetrik.com\/tr\/entegrasyonlar\/\"]}]},{\"@type\":\"WebSite\",\"@id\":\"https:\/\/jetrik.com\/#website\",\"url\":\"https:\/\/jetrik.com\/\",\"name\":\"Jetrik - Elevate your service, simplify your success\",\"description\":\"\",\"potentialAction\":[{\"@type\":\"SearchAction\",\"target\":{\"@type\":\"EntryPoint\",\"urlTemplate\":\"https:\/\/jetrik.com\/?s={search_term_string}\"},\"query-input\":{\"@type\":\"PropertyValueSpecification\",\"valueRequired\":true,\"valueName\":\"search_term_string\"}}],\"inLanguage\":\"tr\"}]}<\/script>\n<!-- \/ Yoast SEO plugin. -->","yoast_head_json":{"title":"Entegrasyonlar - Jetrik","robots":{"index":"index","follow":"follow","max-snippet":"max-snippet:-1","max-image-preview":"max-image-preview:large","max-video-preview":"max-video-preview:-1"},"canonical":"https:\/\/jetrik.com\/tr\/entegrasyonlar\/","og_locale":"tr_TR","og_type":"article","og_title":"Entegrasyonlar - Jetrik","og_url":"https:\/\/jetrik.com\/tr\/entegrasyonlar\/","og_site_name":"Jetrik","article_publisher":"https:\/\/www.facebook.com\/jetrikcom","article_modified_time":"2022-05-23T11:10:39+00:00","twitter_card":"summary_large_image","twitter_misc":{"Tahmini okuma s\u00fcresi":"2 dakika"},"schema":{"@context":"https:\/\/schema.org","@graph":[{"@type":"WebPage","@id":"https:\/\/jetrik.com\/tr\/entegrasyonlar\/","url":"https:\/\/jetrik.com\/tr\/entegrasyonlar\/","name":"Entegrasyonlar - Jetrik","isPartOf":{"@id":"https:\/\/jetrik.com\/#website"},"datePublished":"2022-03-07T11:52:46+00:00","dateModified":"2022-05-23T11:10:39+00:00","inLanguage":"tr","potentialAction":[{"@type":"ReadAction","target":["https:\/\/jetrik.com\/tr\/entegrasyonlar\/"]}]},{"@type":"WebSite","@id":"https:\/\/jetrik.com\/#website","url":"https:\/\/jetrik.com\/","name":"Jetrik - Elevate your service, simplify your success","description":"","potentialAction":[{"@type":"SearchAction","target":{"@type":"EntryPoint","urlTemplate":"https:\/\/jetrik.com\/?s={search_term_string}"},"query-input":{"@type":"PropertyValueSpecification","valueRequired":true,"valueName":"search_term_string"}}],"inLanguage":"tr"}]}},"_links":{"self":[{"href":"https:\/\/jetrik.com\/tr\/wp-json\/wp\/v2\/pages\/13311","targetHints":{"allow":["GET"]}}],"collection":[{"href":"https:\/\/jetrik.com\/tr\/wp-json\/wp\/v2\/pages"}],"about":[{"href":"https:\/\/jetrik.com\/tr\/wp-json\/wp\/v2\/types\/page"}],"author":[{"embeddable":true,"href":"https:\/\/jetrik.com\/tr\/wp-json\/wp\/v2\/users\/1"}],"replies":[{"embeddable":true,"href":"https:\/\/jetrik.com\/tr\/wp-json\/wp\/v2\/comments?post=13311"}],"version-history":[{"count":27,"href":"https:\/\/jetrik.com\/tr\/wp-json\/wp\/v2\/pages\/13311\/revisions"}],"predecessor-version":[{"id":13801,"href":"https:\/\/jetrik.com\/tr\/wp-json\/wp\/v2\/pages\/13311\/revisions\/13801"}],"wp:attachment":[{"href":"https:\/\/jetrik.com\/tr\/wp-json\/wp\/v2\/media?parent=13311"}],"curies":[{"name":"wp","href":"https:\/\/api.w.org\/{rel}","templated":true}]}}