{"id":13308,"date":"2021-11-22T16:52:46","date_gmt":"2021-11-22T16:52:46","guid":{"rendered":"http:\/\/jetrik.com\/features\/"},"modified":"2022-06-23T08:21:13","modified_gmt":"2022-06-23T08:21:13","slug":"ozellikler","status":"publish","type":"page","link":"https:\/\/jetrik.com\/tr\/ozellikler\/","title":{"rendered":"\u00d6zellikler"},"content":{"rendered":"<section class=\"l-section wpb_row us_custom_0d15be52 height_medium with_img with_shape\"><div class=\"l-section-img\" role=\"img\" data-img-width=\"3535\" data-img-height=\"3731\" style=\"background-image: url(https:\/\/jetrik.com\/wp-content\/uploads\/jetrik-logo-icon-white.png);\"><\/div><div class=\"l-section-shape type_triangle-2 pos_bottom\" style=\"height:15vmin;\"><svg xmlns=\"http:\/\/www.w3.org\/2000\/svg\" viewBox=\"0 0 64 8\" preserveAspectRatio=\"none\" width=\"100%\" height=\"100%\">\r\n\t<path fill=\"currentColor\" d=\"M64 8 L0 8 L0 0 L48 7.9 L64 0 Z\"\/>\r\n<\/svg><\/div><div class=\"l-section-h i-cf\"><div class=\"g-cols vc_row via_grid cols_1 laptops-cols_inherit tablets-cols_inherit mobiles-cols_1 valign_middle type_default stacking_default\"><div class=\"wpb_column vc_column_container\"><div class=\"vc_column-inner\"><div class=\"g-cols wpb_row via_grid cols_2 laptops-cols_inherit tablets-cols_inherit mobiles-cols_1 valign_middle type_default stacking_default\" style=\"--gap:3rem;\"><div class=\"wpb_column vc_column_container\"><div class=\"vc_column-inner\"><div class=\"wpb_text_column\"><div class=\"wpb_wrapper\"><h1>Tara, Sipari\u015f Ver, \u00d6de<\/h1>\n<\/div><\/div><div class=\"w-separator size_custom\" style=\"height:2rem\"><\/div><div class=\"wpb_text_column us_custom_9f7ff7c8\"><div class=\"wpb_wrapper\"><h3><span style=\"color: #fc7098;\">Misafir ili\u015fkileri hi\u00e7 bu kadar basit ve do\u011fru olmam\u0131\u015ft\u0131.<\/span><\/h3>\n<p style=\"text-align: left;\"><span style=\"color: #17024d;\">jetrik ile misafirleriniz, hatas\u0131z ve do\u011fru sipari\u015fi kendileri verebilir, Belirledi\u011finiz i\u015f ak\u0131\u015f\u0131n\u0131za g\u00f6re gire sipari\u015fler direk mutfa\u011fa g\u00f6nderilebilir. Kendi telefonlar\u0131n\u0131 kullanan misafirleriniz dilerse, \u00f6demeyi de buradan Online yaparak, size de kendisine de zaman kazand\u0131r\u0131r.<\/span><\/p>\n<\/div><\/div><\/div><\/div><div class=\"wpb_column vc_column_container\"><div class=\"vc_column-inner\"><div class=\"w-image align_right\"><div class=\"w-image-h\"><img decoding=\"async\" width=\"600\" height=\"400\" src=\"https:\/\/jetrik.com\/wp-content\/uploads\/Jetrik-Ozellikler-image.png\" class=\"attachment-large size-large\" alt=\"\" loading=\"lazy\" srcset=\"https:\/\/jetrik.com\/wp-content\/uploads\/Jetrik-Ozellikler-image.png 600w, https:\/\/jetrik.com\/wp-content\/uploads\/Jetrik-Ozellikler-image-300x200.png 300w, https:\/\/jetrik.com\/wp-content\/uploads\/Jetrik-Ozellikler-image-500x333.png 500w, https:\/\/jetrik.com\/wp-content\/uploads\/Jetrik-Ozellikler-image-400x267.png 400w, https:\/\/jetrik.com\/wp-content\/uploads\/Jetrik-Ozellikler-image-100x67.png 100w, https:\/\/jetrik.com\/wp-content\/uploads\/Jetrik-Ozellikler-image-200x133.png 200w, https:\/\/jetrik.com\/wp-content\/uploads\/Jetrik-Ozellikler-image-250x167.png 250w\" sizes=\"auto, (max-width: 600px) 100vw, 600px\" \/><\/div><\/div><\/div><\/div><\/div><div class=\"w-separator size_huge\"><\/div><\/div><\/div><\/div><\/div><\/section><section class=\"l-section wpb_row height_medium with_shape\"><div class=\"l-section-shape type_triangle-2 pos_bottom\" style=\"height:15vmin;\"><svg xmlns=\"http:\/\/www.w3.org\/2000\/svg\" viewBox=\"0 0 64 8\" preserveAspectRatio=\"none\" width=\"100%\" height=\"100%\">\r\n\t<path fill=\"currentColor\" d=\"M64 8 L0 8 L0 0 L48 7.9 L64 0 Z\"\/>\r\n<\/svg><\/div><div class=\"l-section-h i-cf\"><div class=\"g-cols vc_row via_grid cols_1 laptops-cols_inherit tablets-cols_inherit mobiles-cols_1 valign_middle type_default stacking_default\"><div class=\"wpb_column vc_column_container\"><div class=\"vc_column-inner\"><div class=\"g-cols wpb_row via_grid cols_3 laptops-cols_inherit tablets-cols_inherit mobiles-cols_1 valign_top type_default stacking_default\" style=\"--gap:3rem;\"><div class=\"wpb_column vc_column_container us_custom_cf24974c\"><div class=\"vc_column-inner\"><div class=\"w-iconbox iconpos_left style_default color_custom align_left\"><div class=\"w-iconbox-icon\" style=\"font-size:20px;--icon-color:var(--color-header-middle-text);\"><i class=\"fas fa-check\"><\/i><\/div><div class=\"w-iconbox-meta\"><h4 class=\"w-iconbox-title\">Her yerden sipari\u015f al\u0131n<\/h4><div class=\"w-iconbox-text\"><p>jetrik ile Paket Servis, Fastfood ve Masa ba\u015f\u0131nda QR ile sipari\u015f alabilirsiniz.<\/p>\n<\/div><\/div><\/div><\/div><\/div><div class=\"wpb_column vc_column_container us_custom_cf24974c\"><div class=\"vc_column-inner\"><div class=\"w-iconbox iconpos_left style_default color_custom align_left\"><div class=\"w-iconbox-icon\" style=\"font-size:20px;--icon-color:var(--color-header-middle-text);\"><i class=\"fas fa-check\"><\/i><\/div><div class=\"w-iconbox-meta\"><h4 class=\"w-iconbox-title\">\u00d6deme Entegrasyonlar\u0131<\/h4><div class=\"w-iconbox-text\"><p>Dilerseniz, sipari\u015fler birlikte veya tek ba\u015f\u0131na \u00d6demeleri jetrik ile alabilirsiniz.<\/p>\n<\/div><\/div><\/div><\/div><\/div><div class=\"wpb_column vc_column_container us_custom_cf24974c\"><div class=\"vc_column-inner\"><div class=\"w-iconbox iconpos_left style_default color_custom align_left\"><div class=\"w-iconbox-icon\" style=\"font-size:20px;--icon-color:var(--color-header-middle-text);\"><i class=\"fas fa-check\"><\/i><\/div><div class=\"w-iconbox-meta\"><h4 class=\"w-iconbox-title\">Rezervasyon<\/h4><div class=\"w-iconbox-text\"><p>T\u00fcm rezervasyonlar\u0131n\u0131z\u0131 da jetrik \u00fczerinden kabul edebilir, entegre bir ortama kavu\u015fursunuz.<\/p>\n<\/div><\/div><\/div><\/div><\/div><\/div><\/div><\/div><\/div><\/div><\/section><section class=\"l-section wpb_row height_medium\"><div class=\"l-section-h i-cf\"><div class=\"g-cols vc_row via_grid cols_1 laptops-cols_inherit tablets-cols_inherit mobiles-cols_1 valign_top type_default stacking_default\"><div class=\"wpb_column vc_column_container\"><div class=\"vc_column-inner\"><div class=\"g-cols wpb_row via_grid cols_2 laptops-cols_inherit tablets-cols_inherit mobiles-cols_1 valign_middle type_default stacking_default\" style=\"--gap:3rem;\"><div class=\"wpb_column vc_column_container\"><div class=\"vc_column-inner\"><div class=\"w-image align_none\"><div class=\"w-image-h\"><img decoding=\"async\" width=\"600\" height=\"400\" src=\"https:\/\/jetrik.com\/wp-content\/uploads\/Jetrik-Ozellikler-image-2.png\" class=\"attachment-full size-full\" alt=\"\" loading=\"lazy\" srcset=\"https:\/\/jetrik.com\/wp-content\/uploads\/Jetrik-Ozellikler-image-2.png 600w, https:\/\/jetrik.com\/wp-content\/uploads\/Jetrik-Ozellikler-image-2-300x200.png 300w, https:\/\/jetrik.com\/wp-content\/uploads\/Jetrik-Ozellikler-image-2-200x133.png 200w, https:\/\/jetrik.com\/wp-content\/uploads\/Jetrik-Ozellikler-image-2-100x67.png 100w\" sizes=\"auto, (max-width: 600px) 100vw, 600px\" \/><\/div><\/div><\/div><\/div><div class=\"wpb_column vc_column_container\"><div class=\"vc_column-inner\"><div class=\"wpb_text_column\"><div class=\"wpb_wrapper\"><h2><strong>Men\u00fcleriniz Sizin Kontrol\u00fcn\u00fczde<\/strong><\/h2>\n<\/div><\/div><div class=\"w-separator size_custom\" style=\"height:2rem\"><\/div><div class=\"wpb_text_column\"><div class=\"wpb_wrapper\"><p><strong><span style=\"color: #17024d;\">Men\u00fc g\u00fcncelleme sorunu olmadan, kendi kullan\u0131c\u0131 ad\u0131 ve \u015fifreniz ile Panelimize giri\u015f yaparak de\u011fi\u015fiklik yapt\u0131\u011f\u0131n\u0131zda, t\u00fcm men\u00fclere an\u0131nda yans\u0131r.<\/span><\/strong><\/p>\n<p><span style=\"color: #17024d;\">Say\u0131l\u0131 olan \u00fcr\u00fcnleri otomatik veya manual kapatmak, Farkl\u0131 operasyonlar i\u00e7in farkl\u0131 fiyat listesi kullanmak, \u00dcr\u00fcnlere s\u0131n\u0131rs\u0131z sipari\u015f \u00f6zelli\u011fi tan\u0131mlayabilmek, diledi\u011finiz t\u00fcm porsiyonlar\u0131n\u0131 tan\u0131mlamak son derece kolay. \u00dcr\u00fcnlerin, Kategorilerin pozisyonalar\u0131n\u0131 ayarlamak, Favori \u00fcr\u00fcn kagegorisi eklemek ve diledi\u011finiz \u00fcr\u00fcn\u00fc \u00f6ne \u00e7\u0131karmak art\u0131k sizin kontrol\u00fcn\u00fczde.<\/span><\/p>\n<\/div><\/div><\/div><\/div><\/div><div class=\"w-separator size_huge\"><\/div><div class=\"w-separator size_huge\"><\/div><div class=\"g-cols wpb_row via_grid cols_2 laptops-cols_inherit tablets-cols_inherit mobiles-cols_1 valign_middle type_default stacking_default\" style=\"--gap:3rem;\"><div class=\"wpb_column vc_column_container\"><div class=\"vc_column-inner\"><div class=\"wpb_text_column\"><div class=\"wpb_wrapper\"><h2><strong>Sipari\u015f Alabilmek Her\u015feydir<\/strong><\/h2>\n<\/div><\/div><div class=\"w-separator size_custom\" style=\"height:2rem\"><\/div><div class=\"wpb_text_column\"><div class=\"wpb_wrapper\"><p><strong><span style=\"color: #17024d;\">jetrik ile her yerden her ko\u015fulda sipari\u015f al\u0131rs\u0131n\u0131z. Dilerseniz kendi web sitenizden, dilerseniz butonunuzu ekledi\u011finiz facebook sayfan\u0131zdan, dilerseniz masan\u0131za ekledi\u011finiz QR kod ile masa ba\u015f\u0131ndan.<\/span><\/strong><\/p>\n<p><span style=\"color: #17024d;\">jetrik&#8217;in temel felsefesi heryerden her ko\u015fulda sipari\u015f alman\u0131z\u0131 sa\u011flamakt\u0131r. jetrik kurulumunu tamamlad\u0131\u011f\u0131n\u0131zda size \u00f6zel bir Men\u00fc butonu ekler ve bu butonu ekledi\u011finiz her yerden sipari\u015f alabilirsiniz. Masa ba\u015f\u0131nda QR kod okutarak da kullanabilirsiniz, Paket Servisinizde de.<\/span><\/p>\n<\/div><\/div><\/div><\/div><div class=\"wpb_column vc_column_container\"><div class=\"vc_column-inner\"><div class=\"w-image align_none\"><div class=\"w-image-h\"><img decoding=\"async\" width=\"600\" height=\"400\" src=\"https:\/\/jetrik.com\/wp-content\/uploads\/Gomenu-imag-3-2.png\" class=\"attachment-large size-large\" alt=\"\" loading=\"lazy\" srcset=\"https:\/\/jetrik.com\/wp-content\/uploads\/Gomenu-imag-3-2.png 600w, https:\/\/jetrik.com\/wp-content\/uploads\/Gomenu-imag-3-2-300x200.png 300w, https:\/\/jetrik.com\/wp-content\/uploads\/Gomenu-imag-3-2-200x133.png 200w, https:\/\/jetrik.com\/wp-content\/uploads\/Gomenu-imag-3-2-100x67.png 100w\" sizes=\"auto, (max-width: 600px) 100vw, 600px\" \/><\/div><\/div><\/div><\/div><\/div><div class=\"w-separator size_huge\"><\/div><div class=\"w-separator size_huge\"><\/div><div class=\"g-cols wpb_row via_grid cols_2 laptops-cols_inherit tablets-cols_inherit mobiles-cols_1 valign_middle type_default stacking_default\" style=\"--gap:3rem;\"><div class=\"wpb_column vc_column_container\"><div class=\"vc_column-inner\"><div class=\"w-image align_none\"><div class=\"w-image-h\"><img decoding=\"async\" width=\"600\" height=\"400\" src=\"https:\/\/jetrik.com\/wp-content\/uploads\/Jetrik-Online-Odeme-image.png\" class=\"attachment-large size-large\" alt=\"\" loading=\"lazy\" srcset=\"https:\/\/jetrik.com\/wp-content\/uploads\/Jetrik-Online-Odeme-image.png 600w, https:\/\/jetrik.com\/wp-content\/uploads\/Jetrik-Online-Odeme-image-300x200.png 300w, https:\/\/jetrik.com\/wp-content\/uploads\/Jetrik-Online-Odeme-image-500x333.png 500w, https:\/\/jetrik.com\/wp-content\/uploads\/Jetrik-Online-Odeme-image-400x267.png 400w\" sizes=\"auto, (max-width: 600px) 100vw, 600px\" \/><\/div><\/div><\/div><\/div><div class=\"wpb_column vc_column_container\"><div class=\"vc_column-inner\"><div class=\"wpb_text_column\"><div class=\"wpb_wrapper\"><h2><strong>Online \u00d6demenin G\u00fcc\u00fc<\/strong><\/h2>\n<\/div><\/div><div class=\"w-separator size_custom\" style=\"height:2rem\"><\/div><div class=\"wpb_text_column\"><div class=\"wpb_wrapper\"><p><strong><span style=\"color: #17024d;\">Pandemi ile al\u0131\u015ft\u0131\u011f\u0131m\u0131z online al\u0131\u015fveri\u015fleri Restoran\u0131n\u0131za indiriyoruz. Art\u0131k t\u00fcm sipari\u015flerden hemen sonra G\u00fcvenli bir \u015fekilde \u00f6demelerini alabilirsiniz.<\/span><\/strong><\/p>\n<p><span style=\"color: #17024d;\">\u0130ster masada QR okutarak, isterseniz Paket Servisten ald\u0131\u011f\u0131n\u0131z sipari\u015flerinizde G\u00fcvenli Online \u00f6deme \u00f6zelli\u011fini devreye alarak, \u00f6demeleriniz alabilirsiniz. Dilerseniz m\u00fc\u015fterileriniz \u00f6demeleri b\u00f6lerek \u00f6deyebilir, servise tip b\u0131rakabilir ve bu i\u015flemlerin t\u00fcm\u00fc detayl\u0131 bir \u015fekide raporlan\u0131r.<\/span><\/p>\n<\/div><\/div><\/div><\/div><\/div><div class=\"w-separator size_huge\"><\/div><\/div><\/div><\/div><\/div><\/section><section class=\"l-section wpb_row us_custom_16ca8735 height_medium\"><div class=\"l-section-h i-cf\"><div class=\"g-cols vc_row via_grid cols_1 laptops-cols_inherit tablets-cols_inherit mobiles-cols_1 valign_top type_default stacking_default\"><div class=\"wpb_column vc_column_container\"><div class=\"vc_column-inner\"><div class=\"g-cols wpb_row via_grid cols_3 laptops-cols_inherit tablets-cols_inherit mobiles-cols_1 valign_top type_default stacking_default\" style=\"--gap:3rem;\"><div class=\"wpb_column vc_column_container\"><div class=\"vc_column-inner\"><div class=\"w-separator size_custom\" style=\"height:2rem\"><\/div><div class=\"w-iconbox iconpos_left style_default color_custom align_left\"><div class=\"w-iconbox-icon\" style=\"font-size:30px;--icon-color:var(--color-header-middle-text);\"><i class=\"fas fa-angle-right\"><\/i><\/div><div class=\"w-iconbox-meta\"><h4 class=\"w-iconbox-title\">Sipari\u015f \u00d6zellikleri<\/h4><div class=\"w-iconbox-text\"><p>Misafirleriniz, Sipari\u015flerinizde porsiyon s\u0131n\u0131r\u0131 olmadan, sipari\u015f \u00f6zelli\u011fi s\u0131n\u0131r\u0131 olmadan tam olarak yemek istedikleri \u00fcr\u00fcnleri sipari\u015f edebilirler. Tabi, sizin belirledi\u011finiz \u00f6l\u00e7\u00fclerde.<\/p>\n<p>\u00dcr\u00fcnlerinizde yer alan Alerjen uyar\u0131lar\u0131, Kalori bilgileri sizi vazge\u00e7ilmez restoranlar aras\u0131na ald\u0131racakt\u0131r. Zamanla sa\u011fl\u0131k app\u2019leri ile entegre olduk\u00e7a misafirleriniz ne yedi\u011fini ne kadar yedi\u011fini online takip edebilecek.<\/p>\n<\/div><\/div><\/div><div class=\"w-separator size_custom\" style=\"height:2rem\"><\/div><\/div><\/div><div class=\"wpb_column vc_column_container\"><div class=\"vc_column-inner\"><div class=\"w-separator size_custom\" style=\"height:2rem\"><\/div><div class=\"w-iconbox iconpos_left style_default color_custom align_left\"><div class=\"w-iconbox-icon\" style=\"font-size:30px;--icon-color:var(--color-header-middle-text);\"><i class=\"fas fa-angle-right\"><\/i><\/div><div class=\"w-iconbox-meta\"><h4 class=\"w-iconbox-title\">\u00d6deme \u00d6zellikleri<\/h4><div class=\"w-iconbox-text\"><p>Misafirlerinizden, g\u00fcvenli online \u00f6demeler alabilirisiniz. MasterPass ve Visa Checkout entegrasyonlar\u0131 ile Kredi Kart\u0131 bilgisi girmeden bile \u00f6deme yapabilirler. Hesab\u0131 b\u00f6lerek par\u00e7a par\u00e7a veya Alman Usulu \u00f6deyebilirler.<\/p>\n<p>Hesaplar\u0131n\u0131 aile yak\u0131nlar\u0131na g\u00f6ndererek, kendileri i\u00e7in an\u0131nda \u00f6denmesini isteyebilirler. Yayg\u0131n kullan\u0131lan c\u00fczdanlarla entegre oldu\u011fu i\u00e7in, ApplePay ve Google Wallet \u00fczerinden \u00f6deme yapabilirler.<\/p>\n<\/div><\/div><\/div><div class=\"w-separator size_custom\" style=\"height:2rem\"><\/div><\/div><\/div><div class=\"wpb_column vc_column_container\"><div class=\"vc_column-inner\"><div class=\"w-separator size_custom\" style=\"height:2rem\"><\/div><div class=\"w-iconbox iconpos_left style_default color_custom align_left\"><div class=\"w-iconbox-icon\" style=\"font-size:30px;--icon-color:var(--color-header-middle-text);\"><i class=\"fas fa-angle-right\"><\/i><\/div><div class=\"w-iconbox-meta\"><h4 class=\"w-iconbox-title\">Rezervasyon \u00d6zellikleri<\/h4><div class=\"w-iconbox-text\"><p>jetrik\u2019ile masa, ki\u015fi say\u0131s\u0131 veya \u00d6nden Sipari\u015f gibi t\u00fcm rezervasyon ihtiya\u00e7lar\u0131n\u0131za \u00e7\u00f6z\u00fcm bulursunuz. Dilerseniz masalar\u0131n\u0131 rezerve edebilir, veya \u00f6nden sipari\u015f alarak d\u00fczenli m\u00fc\u015fterilerinizi ayr\u0131cal\u0131kl\u0131 hissettirirebilirsiniz.<\/p>\n<p>Rezervasyonlar\u0131n\u0131z i\u00e7in \u00f6nceden depozit talep edebilir, bu depozitleri online olarak tahsil edebilirsiniz. Masalar\u0131n\u0131z, rezervasyonunuzla entegre \u00e7al\u0131\u015farak, rezervasyon zaman\u0131nda sipari\u015fleri almaya devam edebilir.<\/p>\n<\/div><\/div><\/div><div class=\"w-separator size_custom\" style=\"height:2rem\"><\/div><\/div><\/div><\/div><\/div><\/div><\/div><\/div><\/section>\n","protected":false},"excerpt":{"rendered":"Tara, Sipari\u015f Ver, \u00d6de Misafir ili\u015fkileri hi\u00e7 bu kadar basit ve do\u011fru olmam\u0131\u015ft\u0131. jetrik ile misafirleriniz, hatas\u0131z ve do\u011fru sipari\u015fi kendileri verebilir, Belirledi\u011finiz i\u015f ak\u0131\u015f\u0131n\u0131za g\u00f6re gire sipari\u015fler direk mutfa\u011fa g\u00f6nderilebilir. Kendi telefonlar\u0131n\u0131 kullanan misafirleriniz dilerse, \u00f6demeyi de buradan Online yaparak, size de kendisine de zaman kazand\u0131r\u0131r. Her yerden sipari\u015f al\u0131njetrik ile Paket Servis, Fastfood...","protected":false},"author":1,"featured_media":0,"parent":0,"menu_order":0,"comment_status":"closed","ping_status":"closed","template":"","meta":{"_acf_changed":false,"footnotes":""},"class_list":["post-13308","page","type-page","status-publish","hentry"],"acf":[],"yoast_head":"<!-- This site is optimized with the Yoast SEO plugin v24.0 - https:\/\/yoast.com\/wordpress\/plugins\/seo\/ -->\n<title>\u00d6zellikler - Jetrik<\/title>\n<meta name=\"robots\" content=\"index, follow, max-snippet:-1, max-image-preview:large, max-video-preview:-1\" \/>\n<link rel=\"canonical\" href=\"https:\/\/jetrik.com\/tr\/ozellikler\/\" \/>\n<meta property=\"og:locale\" content=\"tr_TR\" \/>\n<meta property=\"og:type\" content=\"article\" \/>\n<meta property=\"og:title\" content=\"\u00d6zellikler - Jetrik\" \/>\n<meta property=\"og:url\" content=\"https:\/\/jetrik.com\/tr\/ozellikler\/\" \/>\n<meta property=\"og:site_name\" content=\"Jetrik\" \/>\n<meta property=\"article:publisher\" content=\"https:\/\/www.facebook.com\/jetrikcom\" \/>\n<meta property=\"article:modified_time\" content=\"2022-06-23T08:21:13+00:00\" \/>\n<meta name=\"twitter:card\" content=\"summary_large_image\" \/>\n<meta name=\"twitter:label1\" content=\"Tahmini okuma s\u00fcresi\" \/>\n\t<meta name=\"twitter:data1\" content=\"3 dakika\" \/>\n<script type=\"application\/ld+json\" class=\"yoast-schema-graph\">{\"@context\":\"https:\/\/schema.org\",\"@graph\":[{\"@type\":\"WebPage\",\"@id\":\"https:\/\/jetrik.com\/tr\/ozellikler\/\",\"url\":\"https:\/\/jetrik.com\/tr\/ozellikler\/\",\"name\":\"\u00d6zellikler - Jetrik\",\"isPartOf\":{\"@id\":\"https:\/\/jetrik.com\/#website\"},\"datePublished\":\"2021-11-22T16:52:46+00:00\",\"dateModified\":\"2022-06-23T08:21:13+00:00\",\"inLanguage\":\"tr\",\"potentialAction\":[{\"@type\":\"ReadAction\",\"target\":[\"https:\/\/jetrik.com\/tr\/ozellikler\/\"]}]},{\"@type\":\"WebSite\",\"@id\":\"https:\/\/jetrik.com\/#website\",\"url\":\"https:\/\/jetrik.com\/\",\"name\":\"Jetrik - Elevate your service, simplify your success\",\"description\":\"\",\"potentialAction\":[{\"@type\":\"SearchAction\",\"target\":{\"@type\":\"EntryPoint\",\"urlTemplate\":\"https:\/\/jetrik.com\/?s={search_term_string}\"},\"query-input\":{\"@type\":\"PropertyValueSpecification\",\"valueRequired\":true,\"valueName\":\"search_term_string\"}}],\"inLanguage\":\"tr\"}]}<\/script>\n<!-- \/ Yoast SEO plugin. -->","yoast_head_json":{"title":"\u00d6zellikler - Jetrik","robots":{"index":"index","follow":"follow","max-snippet":"max-snippet:-1","max-image-preview":"max-image-preview:large","max-video-preview":"max-video-preview:-1"},"canonical":"https:\/\/jetrik.com\/tr\/ozellikler\/","og_locale":"tr_TR","og_type":"article","og_title":"\u00d6zellikler - Jetrik","og_url":"https:\/\/jetrik.com\/tr\/ozellikler\/","og_site_name":"Jetrik","article_publisher":"https:\/\/www.facebook.com\/jetrikcom","article_modified_time":"2022-06-23T08:21:13+00:00","twitter_card":"summary_large_image","twitter_misc":{"Tahmini okuma s\u00fcresi":"3 dakika"},"schema":{"@context":"https:\/\/schema.org","@graph":[{"@type":"WebPage","@id":"https:\/\/jetrik.com\/tr\/ozellikler\/","url":"https:\/\/jetrik.com\/tr\/ozellikler\/","name":"\u00d6zellikler - Jetrik","isPartOf":{"@id":"https:\/\/jetrik.com\/#website"},"datePublished":"2021-11-22T16:52:46+00:00","dateModified":"2022-06-23T08:21:13+00:00","inLanguage":"tr","potentialAction":[{"@type":"ReadAction","target":["https:\/\/jetrik.com\/tr\/ozellikler\/"]}]},{"@type":"WebSite","@id":"https:\/\/jetrik.com\/#website","url":"https:\/\/jetrik.com\/","name":"Jetrik - Elevate your service, simplify your success","description":"","potentialAction":[{"@type":"SearchAction","target":{"@type":"EntryPoint","urlTemplate":"https:\/\/jetrik.com\/?s={search_term_string}"},"query-input":{"@type":"PropertyValueSpecification","valueRequired":true,"valueName":"search_term_string"}}],"inLanguage":"tr"}]}},"_links":{"self":[{"href":"https:\/\/jetrik.com\/tr\/wp-json\/wp\/v2\/pages\/13308","targetHints":{"allow":["GET"]}}],"collection":[{"href":"https:\/\/jetrik.com\/tr\/wp-json\/wp\/v2\/pages"}],"about":[{"href":"https:\/\/jetrik.com\/tr\/wp-json\/wp\/v2\/types\/page"}],"author":[{"embeddable":true,"href":"https:\/\/jetrik.com\/tr\/wp-json\/wp\/v2\/users\/1"}],"replies":[{"embeddable":true,"href":"https:\/\/jetrik.com\/tr\/wp-json\/wp\/v2\/comments?post=13308"}],"version-history":[{"count":63,"href":"https:\/\/jetrik.com\/tr\/wp-json\/wp\/v2\/pages\/13308\/revisions"}],"predecessor-version":[{"id":13812,"href":"https:\/\/jetrik.com\/tr\/wp-json\/wp\/v2\/pages\/13308\/revisions\/13812"}],"wp:attachment":[{"href":"https:\/\/jetrik.com\/tr\/wp-json\/wp\/v2\/media?parent=13308"}],"curies":[{"name":"wp","href":"https:\/\/api.w.org\/{rel}","templated":true}]}}